{"id":10407,"date":"2022-05-19T07:24:25","date_gmt":"2022-05-19T13:24:25","guid":{"rendered":"https:\/\/wp.themedemo.org\/WCM07\/WCM070164\/?page_id=9048"},"modified":"2024-08-19T01:39:12","modified_gmt":"2024-08-19T07:39:12","slug":"proyectos","status":"publish","type":"page","link":"https:\/\/pizarrastauro.com\/tienda\/index.php\/proyectos\/","title":{"rendered":"Proyectos"},"content":{"rendered":"\t\t<div data-elementor-type=\"wp-page\" data-elementor-id=\"10407\" class=\"elementor elementor-10407\">\n\t\t\t\t\t\t<div class=\"elementor-section elementor-top-section elementor-element elementor-element-582e031 elementor-section-boxed elementor-section-height-default elementor-section-height-default\" data-id=\"582e031\" data-element_type=\"section\">\n\t\t\t\t\t\t<div class=\"elementor-container elementor-column-gap-default\">\n\t\t\t\t\t<div class=\"elementor-column elementor-col-50 elementor-top-column elementor-element elementor-element-735ba92 portfolio\" data-id=\"735ba92\" data-element_type=\"column\">\n\t\t\t<div class=\"elementor-widget-wrap elementor-element-populated\">\n\t\t\t\t\t\t<div class=\"elementor-element elementor-element-2c5a705 elementor-widget elementor-widget-heading\" data-id=\"2c5a705\" data-element_type=\"widget\" data-widget_type=\"heading.default\">\n\t\t\t\t<div class=\"elementor-widget-container\">\n\t\t\t\t\t<h1 class=\"elementor-heading-title elementor-size-default\">Soluciones empresariales<\/h1>\t\t\t\t<\/div>\n\t\t\t\t<\/div>\n\t\t\t\t<div class=\"elementor-element elementor-element-ae21bfe elementor-widget elementor-widget-text-editor\" data-id=\"ae21bfe\" data-element_type=\"widget\" data-widget_type=\"text-editor.default\">\n\t\t\t\t<div class=\"elementor-widget-container\">\n\t\t\t\t\t\t\t\t\t<p>Conocemos las necesidades \u00fanicas de las empresas y distribuidores en Costa Rica. Como fabricantes locales de pizarras de alta calidad, nos enorgullece ofrecer soluciones empresariales a tu medida y que se adaptan a tu visi\u00f3n y requisitos espec\u00edficos.<\/p><p><strong>Fabricaci\u00f3n Local: <\/strong>Fabricamos nuestras pizarras localmente, lo que nos permite garantizar un control de calidad excepcional. Esto se traduce en productos duraderos y confiables que destacan por su calidad y garant\u00eda.<\/p><p><strong>Entrega Nacional:<\/strong> Con una red de distribuci\u00f3n eficiente, tenemos la capacidad de entregar nuestros productos en todo el pa\u00eds. Ya sea que te encuentres en la capital o en una zona remota, podemos llegar hasta ti, brind\u00e1ndote la comodidad de acceder a nuestros productos sin importar tu ubicaci\u00f3n.<\/p>\t\t\t\t\t\t\t\t<\/div>\n\t\t\t\t<\/div>\n\t\t\t\t\t<\/div>\n\t\t<\/div>\n\t\t\t\t<div class=\"elementor-column elementor-col-50 elementor-top-column elementor-element elementor-element-903e4bb\" data-id=\"903e4bb\" data-element_type=\"column\">\n\t\t\t<div class=\"elementor-widget-wrap elementor-element-populated\">\n\t\t\t\t\t\t<div class=\"elementor-element elementor-element-3735e56 cms-banner elementor-widget elementor-widget-image\" data-id=\"3735e56\" data-element_type=\"widget\" data-widget_type=\"image.default\">\n\t\t\t\t<div class=\"elementor-widget-container\">\n\t\t\t\t\t\t\t\t\t\t\t\t\t\t\t<img fetchpriority=\"high\" decoding=\"async\" width=\"2000\" height=\"1333\" src=\"https:\/\/pizarrastauro.com\/tienda\/wp-content\/uploads\/2023\/09\/grow.webp\" class=\"attachment-full size-full wp-image-18599\" alt=\"\" srcset=\"https:\/\/pizarrastauro.com\/tienda\/wp-content\/uploads\/2023\/09\/grow.webp 2000w, https:\/\/pizarrastauro.com\/tienda\/wp-content\/uploads\/2023\/09\/grow-300x200.webp 300w, https:\/\/pizarrastauro.com\/tienda\/wp-content\/uploads\/2023\/09\/grow-1024x682.webp 1024w, https:\/\/pizarrastauro.com\/tienda\/wp-content\/uploads\/2023\/09\/grow-768x512.webp 768w, https:\/\/pizarrastauro.com\/tienda\/wp-content\/uploads\/2023\/09\/grow-1536x1024.webp 1536w, https:\/\/pizarrastauro.com\/tienda\/wp-content\/uploads\/2023\/09\/grow-205x137.webp 205w, https:\/\/pizarrastauro.com\/tienda\/wp-content\/uploads\/2023\/09\/grow-968x645.webp 968w\" sizes=\"(max-width: 2000px) 100vw, 2000px\" \/>\t\t\t\t\t\t\t\t\t\t\t\t\t\t\t<\/div>\n\t\t\t\t<\/div>\n\t\t\t\t\t<\/div>\n\t\t<\/div>\n\t\t\t\t\t<\/div>\n\t\t<\/div>\n\t\t\t\t<div class=\"elementor-section elementor-top-section elementor-element elementor-element-29a2184 cms-service elementor-section-stretched elementor-section-boxed elementor-section-height-default elementor-section-height-default\" data-id=\"29a2184\" data-element_type=\"section\" data-settings=\"{&quot;stretch_section&quot;:&quot;section-stretched&quot;,&quot;background_background&quot;:&quot;classic&quot;}\">\n\t\t\t\t\t\t<div class=\"elementor-container elementor-column-gap-default\">\n\t\t\t\t\t<div class=\"elementor-column elementor-col-33 elementor-top-column elementor-element elementor-element-bf7faef portfolio-service\" data-id=\"bf7faef\" data-element_type=\"column\">\n\t\t\t<div class=\"elementor-widget-wrap elementor-element-populated\">\n\t\t\t\t\t\t<div class=\"elementor-element elementor-element-725d03c elementor-widget elementor-widget-heading\" data-id=\"725d03c\" data-element_type=\"widget\" data-widget_type=\"heading.default\">\n\t\t\t\t<div class=\"elementor-widget-container\">\n\t\t\t\t\t<h5 class=\"elementor-heading-title elementor-size-default\">\u00bfEres un distribuidor?<\/h5>\t\t\t\t<\/div>\n\t\t\t\t<\/div>\n\t\t\t\t<div class=\"elementor-element elementor-element-860a1c9 elementor-widget elementor-widget-heading\" data-id=\"860a1c9\" data-element_type=\"widget\" data-widget_type=\"heading.default\">\n\t\t\t\t<div class=\"elementor-widget-container\">\n\t\t\t\t\t<h1 class=\"elementor-heading-title elementor-size-default\">Tenemos excelentes planes con precios diferenciados<\/h1>\t\t\t\t<\/div>\n\t\t\t\t<\/div>\n\t\t\t\t<div class=\"elementor-element elementor-element-b34f1a8 elementor-widget elementor-widget-button\" data-id=\"b34f1a8\" data-element_type=\"widget\" data-widget_type=\"button.default\">\n\t\t\t\t<div class=\"elementor-widget-container\">\n\t\t\t\t\t\t\t\t\t<div class=\"elementor-button-wrapper\">\n\t\t\t\t\t<a class=\"elementor-button elementor-button-link elementor-size-sm\" href=\"https:\/\/pizarrastauro.com\/tienda\/index.php\/contacto\/\">\n\t\t\t\t\t\t<span class=\"elementor-button-content-wrapper\">\n\t\t\t\t\t\t\t\t\t<span class=\"elementor-button-text\">Cont\u00e1ctenos<\/span>\n\t\t\t\t\t<\/span>\n\t\t\t\t\t<\/a>\n\t\t\t\t<\/div>\n\t\t\t\t\t\t\t\t<\/div>\n\t\t\t\t<\/div>\n\t\t\t\t\t<\/div>\n\t\t<\/div>\n\t\t\t\t<div class=\"elementor-column elementor-col-33 elementor-top-column elementor-element elementor-element-6d94b2b port-serv\" data-id=\"6d94b2b\" data-element_type=\"column\">\n\t\t\t<div class=\"elementor-widget-wrap elementor-element-populated\">\n\t\t\t\t\t\t<div class=\"elementor-element elementor-element-8d8992a cms-service elementor-position-inline-start elementor-view-default elementor-mobile-position-block-start elementor-widget elementor-widget-icon-box\" data-id=\"8d8992a\" data-element_type=\"widget\" data-widget_type=\"icon-box.default\">\n\t\t\t\t<div class=\"elementor-widget-container\">\n\t\t\t\t\t\t\t<div class=\"elementor-icon-box-wrapper\">\n\n\t\t\t\t\t\t<div class=\"elementor-icon-box-icon\">\n\t\t\t\t<a href=\"#\" class=\"elementor-icon\" tabindex=\"-1\" aria-label=\"20+ A\u00f1os de experiencia\">\n\t\t\t\t<i aria-hidden=\"true\" class=\"far fa-check-circle\"><\/i>\t\t\t\t<\/a>\n\t\t\t<\/div>\n\t\t\t\n\t\t\t\t\t\t<div class=\"elementor-icon-box-content\">\n\n\t\t\t\t\t\t\t\t\t<h4 class=\"elementor-icon-box-title\">\n\t\t\t\t\t\t<a href=\"#\" >\n\t\t\t\t\t\t\t20+ A\u00f1os de experiencia\t\t\t\t\t\t<\/a>\n\t\t\t\t\t<\/h4>\n\t\t\t\t\n\t\t\t\t\t\t\t\t\t<p class=\"elementor-icon-box-description\">\n\t\t\t\t\t\tConocemos la industria y entendemos las necesidades\t\t\t\t\t<\/p>\n\t\t\t\t\n\t\t\t<\/div>\n\t\t\t\n\t\t<\/div>\n\t\t\t\t\t\t<\/div>\n\t\t\t\t<\/div>\n\t\t\t\t<div class=\"elementor-element elementor-element-6ab7171 cms-service elementor-position-inline-start elementor-view-default elementor-mobile-position-block-start elementor-widget elementor-widget-icon-box\" data-id=\"6ab7171\" data-element_type=\"widget\" data-widget_type=\"icon-box.default\">\n\t\t\t\t<div class=\"elementor-widget-container\">\n\t\t\t\t\t\t\t<div class=\"elementor-icon-box-wrapper\">\n\n\t\t\t\t\t\t<div class=\"elementor-icon-box-icon\">\n\t\t\t\t<a href=\"#\" class=\"elementor-icon\" tabindex=\"-1\" aria-label=\"Personalizaci\u00f3n\">\n\t\t\t\t<i aria-hidden=\"true\" class=\"far fa-check-circle\"><\/i>\t\t\t\t<\/a>\n\t\t\t<\/div>\n\t\t\t\n\t\t\t\t\t\t<div class=\"elementor-icon-box-content\">\n\n\t\t\t\t\t\t\t\t\t<h4 class=\"elementor-icon-box-title\">\n\t\t\t\t\t\t<a href=\"#\" >\n\t\t\t\t\t\t\tPersonalizaci\u00f3n\t\t\t\t\t\t<\/a>\n\t\t\t\t\t<\/h4>\n\t\t\t\t\n\t\t\t\t\t\t\t\t\t<p class=\"elementor-icon-box-description\">\n\t\t\t\t\t\tFabricamos para satisfacer tus necesidades espec\u00edficas\t\t\t\t\t<\/p>\n\t\t\t\t\n\t\t\t<\/div>\n\t\t\t\n\t\t<\/div>\n\t\t\t\t\t\t<\/div>\n\t\t\t\t<\/div>\n\t\t\t\t\t<\/div>\n\t\t<\/div>\n\t\t\t\t<div class=\"elementor-column elementor-col-33 elementor-top-column elementor-element elementor-element-29b3cb9\" data-id=\"29b3cb9\" data-element_type=\"column\">\n\t\t\t<div class=\"elementor-widget-wrap elementor-element-populated\">\n\t\t\t\t\t\t<div class=\"elementor-element elementor-element-33393ee cms-service elementor-position-inline-start elementor-view-default elementor-mobile-position-block-start elementor-widget elementor-widget-icon-box\" data-id=\"33393ee\" data-element_type=\"widget\" data-widget_type=\"icon-box.default\">\n\t\t\t\t<div class=\"elementor-widget-container\">\n\t\t\t\t\t\t\t<div class=\"elementor-icon-box-wrapper\">\n\n\t\t\t\t\t\t<div class=\"elementor-icon-box-icon\">\n\t\t\t\t<a href=\"#\" class=\"elementor-icon\" tabindex=\"-1\" aria-label=\"Versatilidad\">\n\t\t\t\t<i aria-hidden=\"true\" class=\"far fa-check-circle\"><\/i>\t\t\t\t<\/a>\n\t\t\t<\/div>\n\t\t\t\n\t\t\t\t\t\t<div class=\"elementor-icon-box-content\">\n\n\t\t\t\t\t\t\t\t\t<h4 class=\"elementor-icon-box-title\">\n\t\t\t\t\t\t<a href=\"#\" >\n\t\t\t\t\t\t\tVersatilidad\t\t\t\t\t\t<\/a>\n\t\t\t\t\t<\/h4>\n\t\t\t\t\n\t\t\t\t\t\t\t\t\t<p class=\"elementor-icon-box-description\">\n\t\t\t\t\t\tOfrecemos una amplia gama de productos y soluciones\t\t\t\t\t<\/p>\n\t\t\t\t\n\t\t\t<\/div>\n\t\t\t\n\t\t<\/div>\n\t\t\t\t\t\t<\/div>\n\t\t\t\t<\/div>\n\t\t\t\t<div class=\"elementor-element elementor-element-511c6c9 cms-service elementor-position-inline-start elementor-view-default elementor-mobile-position-block-start elementor-widget elementor-widget-icon-box\" data-id=\"511c6c9\" data-element_type=\"widget\" data-widget_type=\"icon-box.default\">\n\t\t\t\t<div class=\"elementor-widget-container\">\n\t\t\t\t\t\t\t<div class=\"elementor-icon-box-wrapper\">\n\n\t\t\t\t\t\t<div class=\"elementor-icon-box-icon\">\n\t\t\t\t<a href=\"#\" class=\"elementor-icon\" tabindex=\"-1\" aria-label=\"Entregas\">\n\t\t\t\t<i aria-hidden=\"true\" class=\"far fa-check-circle\"><\/i>\t\t\t\t<\/a>\n\t\t\t<\/div>\n\t\t\t\n\t\t\t\t\t\t<div class=\"elementor-icon-box-content\">\n\n\t\t\t\t\t\t\t\t\t<h4 class=\"elementor-icon-box-title\">\n\t\t\t\t\t\t<a href=\"#\" >\n\t\t\t\t\t\t\tEntregas\t\t\t\t\t\t<\/a>\n\t\t\t\t\t<\/h4>\n\t\t\t\t\n\t\t\t\t\t\t\t\t\t<p class=\"elementor-icon-box-description\">\n\t\t\t\t\t\tEntregamos en todo el territorio nacional\t\t\t\t\t<\/p>\n\t\t\t\t\n\t\t\t<\/div>\n\t\t\t\n\t\t<\/div>\n\t\t\t\t\t\t<\/div>\n\t\t\t\t<\/div>\n\t\t\t\t\t<\/div>\n\t\t<\/div>\n\t\t\t\t\t<\/div>\n\t\t<\/div>\n\t\t\t\t<section class=\"elementor-section elementor-top-section elementor-element elementor-element-89175e3 elementor-section-boxed elementor-section-height-default elementor-section-height-default\" data-id=\"89175e3\" data-element_type=\"section\">\n\t\t\t\t\t\t<div class=\"elementor-container elementor-column-gap-default\">\n\t\t\t\t\t<div class=\"elementor-column elementor-col-100 elementor-top-column elementor-element elementor-element-b387b47\" data-id=\"b387b47\" data-element_type=\"column\">\n\t\t\t<div class=\"elementor-widget-wrap elementor-element-populated\">\n\t\t\t\t\t\t<div class=\"elementor-element elementor-element-009f933 elementor-widget elementor-widget-heading\" data-id=\"009f933\" data-element_type=\"widget\" data-widget_type=\"heading.default\">\n\t\t\t\t<div class=\"elementor-widget-container\">\n\t\t\t\t\t<h1 class=\"elementor-heading-title elementor-size-default\">Somos sus aliados estrat\u00e9gicos<\/h1>\t\t\t\t<\/div>\n\t\t\t\t<\/div>\n\t\t\t\t<div class=\"elementor-element elementor-element-78d2762 elementor-widget__width-initial elementor-widget elementor-widget-heading\" data-id=\"78d2762\" data-element_type=\"widget\" data-widget_type=\"heading.default\">\n\t\t\t\t<div class=\"elementor-widget-container\">\n\t\t\t\t\t<span class=\"elementor-heading-title elementor-size-default\">Nuestra combinaci\u00f3n de fabricaci\u00f3n local, experiencia en la industria y compromiso con la calidad nos convierte en la elecci\u00f3n perfecta para empresas y distribuidores en Costa Rica.<\/span>\t\t\t\t<\/div>\n\t\t\t\t<\/div>\n\t\t\t\t<div class=\"elementor-element elementor-element-317cc08 elementor-widget elementor-widget-text-editor\" data-id=\"317cc08\" data-element_type=\"widget\" data-widget_type=\"text-editor.default\">\n\t\t\t\t<div class=\"elementor-widget-container\">\n\t\t\t\t\t\t\t\t\t<p>\u00a1Cont\u00e1ctanos hoy mismo y descubre c\u00f3mo podemos trabajar juntos!<\/p>\t\t\t\t\t\t\t\t<\/div>\n\t\t\t\t<\/div>\n\t\t\t\t<div class=\"elementor-element elementor-element-cbc726e elementor-align-center elementor-button-success elementor-widget elementor-widget-button\" data-id=\"cbc726e\" data-element_type=\"widget\" data-widget_type=\"button.default\">\n\t\t\t\t<div class=\"elementor-widget-container\">\n\t\t\t\t\t\t\t\t\t<div class=\"elementor-button-wrapper\">\n\t\t\t\t\t<a class=\"elementor-button elementor-button-link elementor-size-sm\" href=\"https:\/\/api.whatsapp.com\/send\/?phone=50622565550\">\n\t\t\t\t\t\t<span class=\"elementor-button-content-wrapper\">\n\t\t\t\t\t\t<span class=\"elementor-button-icon\">\n\t\t\t\t<i aria-hidden=\"true\" class=\"fab fa-whatsapp\"><\/i>\t\t\t<\/span>\n\t\t\t\t\t\t\t\t\t<span class=\"elementor-button-text\">Hablar con un asesor<\/span>\n\t\t\t\t\t<\/span>\n\t\t\t\t\t<\/a>\n\t\t\t\t<\/div>\n\t\t\t\t\t\t\t\t<\/div>\n\t\t\t\t<\/div>\n\t\t\t\t\t<\/div>\n\t\t<\/div>\n\t\t\t\t\t<\/div>\n\t\t<\/section>\n\t\t\t\t<div class=\"elementor-section elementor-top-section elementor-element elementor-element-b7c5430 elementor-section-boxed elementor-section-height-default elementor-section-height-default\" data-id=\"b7c5430\" data-element_type=\"section\">\n\t\t\t\t\t\t<div class=\"elementor-container elementor-column-gap-default\">\n\t\t\t\t\t<div class=\"elementor-column elementor-col-33 elementor-top-column elementor-element elementor-element-c291a1e\" data-id=\"c291a1e\" data-element_type=\"column\">\n\t\t\t<div class=\"elementor-widget-wrap elementor-element-populated\">\n\t\t\t\t\t\t<div class=\"elementor-element elementor-element-ff61431 elementor-widget elementor-widget-image\" data-id=\"ff61431\" data-element_type=\"widget\" data-widget_type=\"image.default\">\n\t\t\t\t<div class=\"elementor-widget-container\">\n\t\t\t\t\t\t\t\t\t\t\t\t\t\t\t<img decoding=\"async\" width=\"2000\" height=\"1333\" src=\"https:\/\/pizarrastauro.com\/tienda\/wp-content\/uploads\/2023\/09\/acercade.webp\" class=\"attachment-full size-full wp-image-18736\" alt=\"\" srcset=\"https:\/\/pizarrastauro.com\/tienda\/wp-content\/uploads\/2023\/09\/acercade.webp 2000w, https:\/\/pizarrastauro.com\/tienda\/wp-content\/uploads\/2023\/09\/acercade-300x200.webp 300w, https:\/\/pizarrastauro.com\/tienda\/wp-content\/uploads\/2023\/09\/acercade-1024x682.webp 1024w, https:\/\/pizarrastauro.com\/tienda\/wp-content\/uploads\/2023\/09\/acercade-768x512.webp 768w, https:\/\/pizarrastauro.com\/tienda\/wp-content\/uploads\/2023\/09\/acercade-1536x1024.webp 1536w, https:\/\/pizarrastauro.com\/tienda\/wp-content\/uploads\/2023\/09\/acercade-205x137.webp 205w, https:\/\/pizarrastauro.com\/tienda\/wp-content\/uploads\/2023\/09\/acercade-968x645.webp 968w\" sizes=\"(max-width: 2000px) 100vw, 2000px\" \/>\t\t\t\t\t\t\t\t\t\t\t\t\t\t\t<\/div>\n\t\t\t\t<\/div>\n\t\t\t\t<div class=\"elementor-element elementor-element-59a4476 elementor-widget elementor-widget-spacer\" data-id=\"59a4476\" data-element_type=\"widget\" data-widget_type=\"spacer.default\">\n\t\t\t\t<div class=\"elementor-widget-container\">\n\t\t\t\t\t\t\t<div class=\"elementor-spacer\">\n\t\t\t<div class=\"elementor-spacer-inner\"><\/div>\n\t\t<\/div>\n\t\t\t\t\t\t<\/div>\n\t\t\t\t<\/div>\n\t\t\t\t<div class=\"elementor-element elementor-element-6b7fc34 elementor-widget elementor-widget-heading\" data-id=\"6b7fc34\" data-element_type=\"widget\" data-widget_type=\"heading.default\">\n\t\t\t\t<div class=\"elementor-widget-container\">\n\t\t\t\t\t<h3 class=\"elementor-heading-title elementor-size-default\">Proyectos<\/h3>\t\t\t\t<\/div>\n\t\t\t\t<\/div>\n\t\t\t\t<div class=\"elementor-element elementor-element-ba59dcf elementor-widget elementor-widget-spacer\" data-id=\"ba59dcf\" data-element_type=\"widget\" data-widget_type=\"spacer.default\">\n\t\t\t\t<div class=\"elementor-widget-container\">\n\t\t\t\t\t\t\t<div class=\"elementor-spacer\">\n\t\t\t<div class=\"elementor-spacer-inner\"><\/div>\n\t\t<\/div>\n\t\t\t\t\t\t<\/div>\n\t\t\t\t<\/div>\n\t\t\t\t<div class=\"elementor-element elementor-element-15ba87b elementor-widget elementor-widget-text-editor\" data-id=\"15ba87b\" data-element_type=\"widget\" data-widget_type=\"text-editor.default\">\n\t\t\t\t<div class=\"elementor-widget-container\">\n\t\t\t\t\t\t\t\t\t<p>Nos enfocamos en servir a empresas y distribuidores, converse con nosotros y ent\u00e9rese de los beneficios que tenemos para usted y su empresa.<\/p>\t\t\t\t\t\t\t\t<\/div>\n\t\t\t\t<\/div>\n\t\t\t\t\t<\/div>\n\t\t<\/div>\n\t\t\t\t<div class=\"elementor-column elementor-col-33 elementor-top-column elementor-element elementor-element-5462c41\" data-id=\"5462c41\" data-element_type=\"column\">\n\t\t\t<div class=\"elementor-widget-wrap elementor-element-populated\">\n\t\t\t\t\t\t<div class=\"elementor-element elementor-element-261a94c elementor-widget elementor-widget-image\" data-id=\"261a94c\" data-element_type=\"widget\" data-widget_type=\"image.default\">\n\t\t\t\t<div class=\"elementor-widget-container\">\n\t\t\t\t\t\t\t\t\t\t\t\t\t\t\t<img decoding=\"async\" width=\"2000\" height=\"1333\" src=\"https:\/\/pizarrastauro.com\/tienda\/wp-content\/uploads\/2023\/09\/catalogoPizarras.webp\" class=\"attachment-full size-full wp-image-18753\" alt=\"\" srcset=\"https:\/\/pizarrastauro.com\/tienda\/wp-content\/uploads\/2023\/09\/catalogoPizarras.webp 2000w, https:\/\/pizarrastauro.com\/tienda\/wp-content\/uploads\/2023\/09\/catalogoPizarras-300x200.webp 300w, https:\/\/pizarrastauro.com\/tienda\/wp-content\/uploads\/2023\/09\/catalogoPizarras-1024x682.webp 1024w, https:\/\/pizarrastauro.com\/tienda\/wp-content\/uploads\/2023\/09\/catalogoPizarras-768x512.webp 768w, https:\/\/pizarrastauro.com\/tienda\/wp-content\/uploads\/2023\/09\/catalogoPizarras-1536x1024.webp 1536w, https:\/\/pizarrastauro.com\/tienda\/wp-content\/uploads\/2023\/09\/catalogoPizarras-205x137.webp 205w, https:\/\/pizarrastauro.com\/tienda\/wp-content\/uploads\/2023\/09\/catalogoPizarras-968x645.webp 968w\" sizes=\"(max-width: 2000px) 100vw, 2000px\" \/>\t\t\t\t\t\t\t\t\t\t\t\t\t\t\t<\/div>\n\t\t\t\t<\/div>\n\t\t\t\t<div class=\"elementor-element elementor-element-178bc86 elementor-widget elementor-widget-spacer\" data-id=\"178bc86\" data-element_type=\"widget\" data-widget_type=\"spacer.default\">\n\t\t\t\t<div class=\"elementor-widget-container\">\n\t\t\t\t\t\t\t<div class=\"elementor-spacer\">\n\t\t\t<div class=\"elementor-spacer-inner\"><\/div>\n\t\t<\/div>\n\t\t\t\t\t\t<\/div>\n\t\t\t\t<\/div>\n\t\t\t\t<div class=\"elementor-element elementor-element-b57c6dd elementor-widget elementor-widget-heading\" data-id=\"b57c6dd\" data-element_type=\"widget\" data-widget_type=\"heading.default\">\n\t\t\t\t<div class=\"elementor-widget-container\">\n\t\t\t\t\t<h3 class=\"elementor-heading-title elementor-size-default\">Cat\u00e1logo de productos<\/h3>\t\t\t\t<\/div>\n\t\t\t\t<\/div>\n\t\t\t\t<div class=\"elementor-element elementor-element-bfea680 elementor-widget elementor-widget-spacer\" data-id=\"bfea680\" data-element_type=\"widget\" data-widget_type=\"spacer.default\">\n\t\t\t\t<div class=\"elementor-widget-container\">\n\t\t\t\t\t\t\t<div class=\"elementor-spacer\">\n\t\t\t<div class=\"elementor-spacer-inner\"><\/div>\n\t\t<\/div>\n\t\t\t\t\t\t<\/div>\n\t\t\t\t<\/div>\n\t\t\t\t<div class=\"elementor-element elementor-element-28f9abb elementor-widget elementor-widget-text-editor\" data-id=\"28f9abb\" data-element_type=\"widget\" data-widget_type=\"text-editor.default\">\n\t\t\t\t<div class=\"elementor-widget-container\">\n\t\t\t\t\t\t\t\t\t<p>Tenemos un amplio cat\u00e1logo de productos de calidad, somos fabricantes por lo que podemos personalizar tus proyectos o los de tus clientes.<\/p>\t\t\t\t\t\t\t\t<\/div>\n\t\t\t\t<\/div>\n\t\t\t\t\t<\/div>\n\t\t<\/div>\n\t\t\t\t<div class=\"elementor-column elementor-col-33 elementor-top-column elementor-element elementor-element-960df8a\" data-id=\"960df8a\" data-element_type=\"column\">\n\t\t\t<div class=\"elementor-widget-wrap elementor-element-populated\">\n\t\t\t\t\t\t<div class=\"elementor-element elementor-element-3c26737 elementor-widget elementor-widget-image\" data-id=\"3c26737\" data-element_type=\"widget\" data-widget_type=\"image.default\">\n\t\t\t\t<div class=\"elementor-widget-container\">\n\t\t\t\t\t\t\t\t\t\t\t\t\t\t\t<img loading=\"lazy\" decoding=\"async\" width=\"2000\" height=\"1333\" src=\"https:\/\/pizarrastauro.com\/tienda\/wp-content\/uploads\/2023\/09\/planificacionPizarras.webp\" class=\"attachment-full size-full wp-image-18754\" alt=\"\" srcset=\"https:\/\/pizarrastauro.com\/tienda\/wp-content\/uploads\/2023\/09\/planificacionPizarras.webp 2000w, https:\/\/pizarrastauro.com\/tienda\/wp-content\/uploads\/2023\/09\/planificacionPizarras-300x200.webp 300w, https:\/\/pizarrastauro.com\/tienda\/wp-content\/uploads\/2023\/09\/planificacionPizarras-1024x682.webp 1024w, https:\/\/pizarrastauro.com\/tienda\/wp-content\/uploads\/2023\/09\/planificacionPizarras-768x512.webp 768w, https:\/\/pizarrastauro.com\/tienda\/wp-content\/uploads\/2023\/09\/planificacionPizarras-1536x1024.webp 1536w, https:\/\/pizarrastauro.com\/tienda\/wp-content\/uploads\/2023\/09\/planificacionPizarras-205x137.webp 205w, https:\/\/pizarrastauro.com\/tienda\/wp-content\/uploads\/2023\/09\/planificacionPizarras-968x645.webp 968w\" sizes=\"(max-width: 2000px) 100vw, 2000px\" \/>\t\t\t\t\t\t\t\t\t\t\t\t\t\t\t<\/div>\n\t\t\t\t<\/div>\n\t\t\t\t<div class=\"elementor-element elementor-element-136f704 elementor-widget elementor-widget-spacer\" data-id=\"136f704\" data-element_type=\"widget\" data-widget_type=\"spacer.default\">\n\t\t\t\t<div class=\"elementor-widget-container\">\n\t\t\t\t\t\t\t<div class=\"elementor-spacer\">\n\t\t\t<div class=\"elementor-spacer-inner\"><\/div>\n\t\t<\/div>\n\t\t\t\t\t\t<\/div>\n\t\t\t\t<\/div>\n\t\t\t\t<div class=\"elementor-element elementor-element-80fd710 elementor-widget elementor-widget-heading\" data-id=\"80fd710\" data-element_type=\"widget\" data-widget_type=\"heading.default\">\n\t\t\t\t<div class=\"elementor-widget-container\">\n\t\t\t\t\t<h3 class=\"elementor-heading-title elementor-size-default\">Planificaci\u00f3n estrat\u00e9gica<\/h3>\t\t\t\t<\/div>\n\t\t\t\t<\/div>\n\t\t\t\t<div class=\"elementor-element elementor-element-b69de8e elementor-widget elementor-widget-spacer\" data-id=\"b69de8e\" data-element_type=\"widget\" data-widget_type=\"spacer.default\">\n\t\t\t\t<div class=\"elementor-widget-container\">\n\t\t\t\t\t\t\t<div class=\"elementor-spacer\">\n\t\t\t<div class=\"elementor-spacer-inner\"><\/div>\n\t\t<\/div>\n\t\t\t\t\t\t<\/div>\n\t\t\t\t<\/div>\n\t\t\t\t<div class=\"elementor-element elementor-element-5bfc823 elementor-widget elementor-widget-text-editor\" data-id=\"5bfc823\" data-element_type=\"widget\" data-widget_type=\"text-editor.default\">\n\t\t\t\t<div class=\"elementor-widget-container\">\n\t\t\t\t\t\t\t\t\t<p>Le brindamos el acompa\u00f1amiento que su proyecto requiere, nuestra experiencia y conocimiento del mercado nos permite asesorarle de la mejor manera.<\/p>\t\t\t\t\t\t\t\t<\/div>\n\t\t\t\t<\/div>\n\t\t\t\t\t<\/div>\n\t\t<\/div>\n\t\t\t\t\t<\/div>\n\t\t<\/div>\n\t\t\t\t<\/div>\n\t\t","protected":false},"excerpt":{"rendered":"<p>Soluciones empresariales Conocemos las necesidades \u00fanicas de las empresas y distribuidores en Costa Rica. Como fabricantes locales de pizarras de alta calidad, nos enorgullece ofrecer soluciones empresariales a tu medida y que se adaptan a tu visi\u00f3n y requisitos espec\u00edficos. Fabricaci\u00f3n Local: Fabricamos nuestras pizarras localmente, lo que nos permite garantizar un control de calidad&#8230;<\/p>\n","protected":false},"author":1,"featured_media":0,"parent":0,"menu_order":0,"comment_status":"closed","ping_status":"closed","template":"","meta":{"om_disable_all_campaigns":false,"_monsterinsights_skip_tracking":false,"_monsterinsights_sitenote_active":false,"_monsterinsights_sitenote_note":"","_monsterinsights_sitenote_category":0,"_tbt_post_transparent":"","_tbt_post_title":"","_tbt_post_layout":"","_tbt_post_sidebar_id":"","_tbt_post_content_style":"","_tbt_post_vertical_padding":"","_tbt_post_feature":"","_tbt_post_feature_position":"","_tbt_post_header":false,"_tbt_post_footer":false},"class_list":["post-10407","page","type-page","status-publish","hentry"],"aioseo_notices":[],"_links":{"self":[{"href":"https:\/\/pizarrastauro.com\/tienda\/index.php\/wp-json\/wp\/v2\/pages\/10407"}],"collection":[{"href":"https:\/\/pizarrastauro.com\/tienda\/index.php\/wp-json\/wp\/v2\/pages"}],"about":[{"href":"https:\/\/pizarrastauro.com\/tienda\/index.php\/wp-json\/wp\/v2\/types\/page"}],"author":[{"embeddable":true,"href":"https:\/\/pizarrastauro.com\/tienda\/index.php\/wp-json\/wp\/v2\/users\/1"}],"replies":[{"embeddable":true,"href":"https:\/\/pizarrastauro.com\/tienda\/index.php\/wp-json\/wp\/v2\/comments?post=10407"}],"version-history":[{"count":24,"href":"https:\/\/pizarrastauro.com\/tienda\/index.php\/wp-json\/wp\/v2\/pages\/10407\/revisions"}],"predecessor-version":[{"id":19085,"href":"https:\/\/pizarrastauro.com\/tienda\/index.php\/wp-json\/wp\/v2\/pages\/10407\/revisions\/19085"}],"wp:attachment":[{"href":"https:\/\/pizarrastauro.com\/tienda\/index.php\/wp-json\/wp\/v2\/media?parent=10407"}],"curies":[{"name":"wp","href":"https:\/\/api.w.org\/{rel}","templated":true}]}}