{"id":11933,"date":"2022-05-03T11:21:36","date_gmt":"2022-05-03T11:21:36","guid":{"rendered":"https:\/\/wp.themedemo.org\/WP01\/WP004\/?page_id=3"},"modified":"2024-08-18T13:23:13","modified_gmt":"2024-08-18T19:23:13","slug":"privacy-policy","status":"publish","type":"page","link":"https:\/\/pizarrastauro.com\/tienda\/index.php\/privacy-policy\/","title":{"rendered":"Pol\u00edtica de privacidad"},"content":{"rendered":"\t\t<div data-elementor-type=\"wp-page\" data-elementor-id=\"11933\" class=\"elementor elementor-11933\">\n\t\t\t\t<div class=\"elementor-element elementor-element-1306e77 e-con-full e-flex e-con e-parent\" data-id=\"1306e77\" data-element_type=\"container\">\n\t\t\t\t<div class=\"elementor-element elementor-element-54280d9 elementor-widget elementor-widget-heading\" data-id=\"54280d9\" data-element_type=\"widget\" data-widget_type=\"heading.default\">\n\t\t\t\t<div class=\"elementor-widget-container\">\n\t\t\t\t\t<h1 class=\"elementor-heading-title elementor-size-default\">POL\u00cdTICA DE PRIVACIDAD<\/h1>\t\t\t\t<\/div>\n\t\t\t\t<\/div>\n\t\t\t\t<\/div>\n\t\t\t\t<section class=\"elementor-section elementor-top-section elementor-element elementor-element-1fbbfd0a elementor-section-boxed elementor-section-height-default elementor-section-height-default\" data-id=\"1fbbfd0a\" data-element_type=\"section\">\n\t\t\t\t\t\t<div class=\"elementor-container elementor-column-gap-default\">\n\t\t\t\t\t<div class=\"elementor-column elementor-col-100 elementor-top-column elementor-element elementor-element-43fd8159\" data-id=\"43fd8159\" data-element_type=\"column\">\n\t\t\t<div class=\"elementor-widget-wrap elementor-element-populated\">\n\t\t\t\t\t\t<div class=\"elementor-element elementor-element-5e061b6 elementor-widget-divider--view-line elementor-widget elementor-widget-divider\" data-id=\"5e061b6\" data-element_type=\"widget\" data-widget_type=\"divider.default\">\n\t\t\t\t<div class=\"elementor-widget-container\">\n\t\t\t\t\t\t\t<div class=\"elementor-divider\">\n\t\t\t<span class=\"elementor-divider-separator\">\n\t\t\t\t\t\t<\/span>\n\t\t<\/div>\n\t\t\t\t\t\t<\/div>\n\t\t\t\t<\/div>\n\t\t\t\t<div class=\"elementor-element elementor-element-69321bc8 elementor-widget elementor-widget-text-editor\" data-id=\"69321bc8\" data-element_type=\"widget\" data-widget_type=\"text-editor.default\">\n\t\t\t\t<div class=\"elementor-widget-container\">\n\t\t\t\t\t\t\t\t\t<p style=\"font-weight: 400;\"><span style=\"color: #000080;\">Las disposiciones de la presente Pol\u00edtica de Privacidad buscan informar sobre el tratamiento de los datos personales reunidos y recabados a trav\u00e9s del sitio web\u00a0<em><u>www.pizarrastauro.com<\/u><\/em>\u00a0(en adelante, el \u201c<strong>SITIO WEB<\/strong>\u201d), con Raz\u00f3n Social Pizarras Tauro Sociedad An\u00f3nima en adelante, la \u201c<strong>EMPRESA<\/strong>\u201d, con c\u00e9dula jur\u00eddica 3-101-651375, ubicado en San Francisco, Goicoechea, San Jos\u00e9, Costa Rica, 75 metros al Oeste de la Iglesia de Ladrillos San Francisco, en avenida 17; as\u00ed como de los derechos que pueden ejercer los usuarios respecto a su informaci\u00f3n.<\/span><\/p>\n<p style=\"font-weight: 400;\"><span style=\"color: #000080;\">Se considera \u201cUsuario\u201d a cualquier persona que navegue o se registre como cliente en el\u00a0<strong>SITIO WEB<\/strong>, o a quienes han proporcionado informaci\u00f3n para realizar una transacci\u00f3n para la adquisici\u00f3n de un producto de la\u00a0<strong>EMPRESA,\u00a0<\/strong>o a quienes se registren a nuestros newsletters. La\u00a0<strong>EMPRESA<\/strong>\u00a0promueve la provisi\u00f3n de un consentimiento libre e informado, cuando \u00e9ste sea necesario.<\/span><\/p>\n<p style=\"font-weight: 400;\"><span style=\"color: #000080;\">La\u00a0<strong>EMPRESA<\/strong>\u00a0se reserva a modificar lo establecido por la Pol\u00edtica de Privacidad, de manera que no necesitar\u00e1 de comunicaci\u00f3n previa al Usuario. Siendo as\u00ed, es responsabilidad del Usuario que se informe respecto a la pol\u00edtica vigente al momento de otorgar su informaci\u00f3n.<\/span><\/p>\n<p style=\"font-weight: 400;\"><span style=\"color: #000080;\">La presente pol\u00edtica ser\u00e1 tambi\u00e9n de aplicaci\u00f3n para aquellas personas o empresas a las que la <strong>EMPRESA<\/strong>\u00a0requiera el tratamiento de datos personales de los cuales sea responsable.<\/span><\/p>\n<p style=\"font-weight: 400;\"><span style=\"color: #000080;\">En cumplimiento de proteger los datos de los usuarios,\u00a0la<strong>\u00a0EMPRESA\u00a0<\/strong>informa lo siguiente:<\/span><\/p>\n<p style=\"font-weight: 400;\"><span style=\"color: #000080;\"><strong>Datos Personales<\/strong>: es aquella informaci\u00f3n que nos permite conocer qui\u00e9n es usted y que puede ser utilizada para identificarlo, contactarlo o localizarlo. Usted podr\u00e1 compartir los siguientes datos con nosotros al utilizar nuestros diversos servicios y navegar en el\u00a0<strong>SITIO WEB<\/strong>: nombre completo, c\u00e9dula, correo electr\u00f3nico, domicilio(s), n\u00fameros telef\u00f3nicos, informaci\u00f3n de tarjeta de cr\u00e9dito\/d\u00e9bito (n\u00famero, fecha de vencimiento, CVV, etc.).<\/span><\/p>\n<p style=\"font-weight: 400;\"><span style=\"color: #000080;\">La presente Pol\u00edtica de Privacidad establece los t\u00e9rminos en que Pizarras Tauro usa y protege la informaci\u00f3n que es proporcionada por sus usuarios al momento de utilizar su sitio web. Esta compa\u00f1\u00eda est\u00e1 comprometida con la seguridad de los datos de sus usuarios. Cuando le pedimos llenar los campos de informaci\u00f3n personal con la cual usted pueda ser identificado, lo hacemos asegurando que s\u00f3lo se emplear\u00e1 de acuerdo con los t\u00e9rminos de este documento.<\/span><\/p>\n<p style=\"font-weight: 400;\"><span style=\"color: #000080;\">Nuestro sitio web podr\u00e1 recoger informaci\u00f3n personal, por ejemplo: Nombre, informaci\u00f3n de contacto como su direcci\u00f3n de correo electr\u00f3nica e informaci\u00f3n demogr\u00e1fica. As\u00ed mismo cuando sea necesario podr\u00e1 ser requerida informaci\u00f3n espec\u00edfica para procesar alg\u00fan pedido, realizar una entrega o facturaci\u00f3n.<\/span><\/p>\n<p style=\"font-weight: 400;\"><span style=\"color: #000080;\"><strong><u>Informaci\u00f3n de Contacto:<\/u><\/strong><\/span><\/p>\n<p style=\"font-weight: 400;\"><span style=\"color: #000080;\">Pizarras Tauro har\u00e1 uso de su informaci\u00f3n de contacto, tales como n\u00fameros telef\u00f3nicos y correo electr\u00f3nico, en el proceso de facturaci\u00f3n y\/o entrega de su pedido si fuera necesario.<\/span><\/p>\n<p style=\"font-weight: 400;\"><span style=\"color: #000080;\"><strong><u>Seguridad de la Informaci\u00f3n<\/u><\/strong><\/span><\/p>\n<p style=\"font-weight: 400;\"><span style=\"color: #000080;\">Pizarras Tauro resguarda la informaci\u00f3n registrada en nuestro sistema interno, la cual es utilizada \u00fanica y exclusivamente para el desarrollo de su compra en l\u00ednea. Dicha informaci\u00f3n no es proporcionada a empresas ajenas a la ejecuci\u00f3n de nuestros servicios.<\/span><\/p>\n<p style=\"font-weight: 400;\"><span style=\"color: #000080;\"><strong><u>Finalidad del tratamiento de los datos personales\u00a0<\/u><\/strong><\/span><\/p>\n<p style=\"font-weight: 400;\"><span style=\"color: #000080;\">Dichos datos personales se recopilan con las siguientes finalidades:<\/span><\/p>\n<ol>\n<li><span style=\"color: #000080;\">Para ejecutar la compra de productos: nombre completo, correo electr\u00f3nico, documento de identidad, domicilio e informaci\u00f3n de tarjeta de cr\u00e9dito\/d\u00e9bito.<\/span><\/li>\n<li><span style=\"color: #000080;\">Para brindar atenci\u00f3n al cliente o posibles clientes (por reclamos o devoluciones): nombre completo, documento de identidad, domicilio, correo electr\u00f3nico y n\u00famero telef\u00f3nico.<\/span><\/li>\n<li><span style=\"color: #000080;\">Para enviar material publicitario (ofertas, informaci\u00f3n publicitaria, actualizaciones de servicios, etc.): nombre completo, correo electr\u00f3nico y n\u00famero telef\u00f3nico. Estos datos se recopilan en la secci\u00f3n: <b>Contacto<\/b>\u00a0del SITIO WEB.<\/span><\/li>\n<\/ol>\n<ul>\n<li><span style=\"color: #000080;\">Los datos mencionados en el numeral 1 son de entrega obligatoria ya que son necesarios para la prestaci\u00f3n adecuada de nuestros servicios y venta de productos. En caso no nos sean brindados, no se podr\u00e1n ejecutar las compras realizadas por los Usuarios a trav\u00e9s del\u00a0<strong>SITIO WEB<\/strong>.<\/span><\/li>\n<li><span style=\"color: #000080;\">Los datos personales ser\u00e1n conservados en tanto sea necesario para cumplir con las finalidades antes previstas.<\/span><\/li>\n<\/ul>\n<p style=\"font-weight: 400;\"><span style=\"color: #000080;\"><strong><u>Recopilaci\u00f3n y Almacenamiento de Datos Personales<\/u><\/strong><\/span><\/p>\n<p style=\"font-weight: 400;\"><span style=\"color: #000080;\">El Usuario debe brindar informaci\u00f3n verdadera, actual, exacta y completa. Por ello, debe mantener informada a la\u00a0<strong>EMPRESA<\/strong>\u00a0en caso haya variado o exista alg\u00fan error.<\/span><\/p>\n<p style=\"font-weight: 400;\"><span style=\"color: #000080;\">Los datos personales recopilados ser\u00e1n almacenados en la base de datos denominadas \u201cClientes\u201d o \u201cClientes Potenciales\u201d de la\u00a0<strong>EMPRESA\u00a0<\/strong>respectivamente<strong>.<\/strong><\/span><\/p>\n<p style=\"font-weight: 400;\"><span style=\"color: #000080;\"><strong><u>Ejercicio de Derechos sobre sus Datos Personales<\/u><\/strong><\/span><\/p>\n<p style=\"font-weight: 400;\"><span style=\"color: #000080;\">El Usuario puede ejercer los siguientes derechos sobre sus datos personales:<\/span><\/p>\n<ul>\n<li><span style=\"color: #000080;\">Acceso a la informaci\u00f3n: el Usuario puede obtener la informaci\u00f3n sobre \u00e9l mismo que sea almacenada en los bancos de datos de la\u00a0<strong>EMPRESA<\/strong>.<\/span><\/li>\n<li><span style=\"color: #000080;\">Rectificaci\u00f3n: el Usuario puede solicitar la actualizaci\u00f3n, rectificaci\u00f3n o incorporaci\u00f3n de nuevos datos de sus datos personales, cuando exista alg\u00fan error, inexactitud o est\u00e9n incompletos.<\/span><\/li>\n<li><span style=\"color: #000080;\">Cancelaci\u00f3n: el Usuario puede solicitar la eliminaci\u00f3n de sus datos personales que no sean requeridos para el cumplimiento de obligaciones de la\u00a0<strong>EMPRESA<\/strong>.<\/span><\/li>\n<li><span style=\"color: #000080;\">Oposici\u00f3n: el Usuario puede oponerse al tratamiento de sus datos personales, siempre que dicho tratamiento no sea dispuesto por contrato o ley.<\/span><\/li>\n<\/ul>\n<p style=\"font-weight: 400;\"><span style=\"color: #000080;\">Para ello, deber\u00e1 enviar un correo electr\u00f3nico dirigido a\u00a0<em><u>pizarrastauro@indutauro.com.<\/u><\/em><\/span><\/p>\n<p style=\"font-weight: 400;\"><span style=\"color: #000080;\"><strong><u>Privacidad de menores de edad<\/u><\/strong><\/span><\/p>\n<p style=\"font-weight: 400;\"><span style=\"color: #000080;\">Los servicios brindados en este\u00a0<strong>SITIO WEB<\/strong>\u00a0no est\u00e1n dise\u00f1ados para, y no podr\u00e1n ser utilizados por menores de 18 a\u00f1os. Nosotros no recabamos a sabiendas informaci\u00f3n de menores de edad, y no comercializamos los servicios para menores de 18 a\u00f1os. Solo realizaremos tratamiento de la Informaci\u00f3n Personal de menores de 18 a\u00f1os, siempre que dicha Informaci\u00f3n Personal sea brindada por los padres, tutores, apoderados o cualquier tercero que cuente con facultades para ello y en los casos en que dicha Informaci\u00f3n Personal sea brindada para la prestaci\u00f3n de los servicios brindados en este\u00a0<strong>SITIO WEB<\/strong>\u00a0o cualquier otro servicio que ofrezcamos.<\/span><\/p>\n<p style=\"font-weight: 400;\"><span style=\"color: #000080;\"><strong><u>Enlace a otros sitios web<\/u><\/strong><\/span><\/p>\n<p style=\"font-weight: 400;\"><span style=\"color: #000080;\">Esta Pol\u00edtica de Privacidad se aplica solo a los servicios brindados por la\u00a0<strong>EMPRESA<\/strong>. Estos servicios pueden contener enlaces a otros servicios y sitios web no operados o controlados por nosotros (los \u00ab<strong><u>Servicios de Terceros<\/u><\/strong>\u00ab). Las pol\u00edticas y procedimientos que describimos aqu\u00ed no se aplican a los Servicios de Terceros. Los enlaces de nuestros servicios no implican que aprobemos o hayamos revisado los Servicios de Terceros. Le sugerimos ponerse en contacto con estos sitios directamente para obtener informaci\u00f3n sobre sus pol\u00edticas de privacidad.<\/span><\/p>\n<p style=\"font-weight: 400;\"><span style=\"color: #000080;\"><strong><u>Jurisdicci\u00f3n y Ley Aplicable<\/u><\/strong><\/span><\/p>\n<p style=\"font-weight: 400;\"><span style=\"color: #000080;\">Para todo lo no previsto expresamente en la presente Pol\u00edtica de Privacidad, se aplican supletoriamente las normas contenidas en el ordenamiento jur\u00eddico costarricense.<\/span><\/p>\n<p style=\"font-weight: 400;\"><span style=\"color: #000080;\"><strong><u>Cookies<\/u><\/strong><\/span><\/p>\n<p style=\"font-weight: 400;\"><span style=\"color: #000080;\">La p\u00e1gina web utiliza cookies, que son archivos de textos administradas por servicios inform\u00e1ticos independientes que se almacenan en el navegador del Usuario para recoger informaci\u00f3n acerca de su comportamiento respecto al uso del\u00a0<strong>SITIO WEB<\/strong>. Identificar las actividades del Usuario dentro de la p\u00e1gina web es importante para el funcionamiento y mejora de la misma. En general, utilizamos cookies para: (i) el seguimiento de las preferencias del Usuario; (ii) acceder a su informaci\u00f3n cuando el Usuario se inscribe o registra para proporcionarle contenido personalizado; (iii) mostrar los anuncios m\u00e1s adecuados, en funci\u00f3n de los intereses de los Usuarios y la actividad en nuestros servicios; (iv) registrar informaci\u00f3n de navegaci\u00f3n.<\/span><\/p>\n<p style=\"font-weight: 400;\"><span style=\"color: #000080;\">Los datos recopilados por las cookies son generales, de manera que los resultados son an\u00f3nimos, protegiendo la privacidad e identidad del Usuario. El Usuario puede configurar su navegador de manera que las cookies sean restringidas o eliminadas.<\/span><\/p>\n<p style=\"font-weight: 400;\"><strong><span style=\"color: #000080;\">Fecha de actualizaci\u00f3n: 11 de Julio de 2024<\/span><\/strong><\/p>\n<p style=\"font-weight: 400;\"><strong><span style=\"color: #000080;\">PIZARRAS TAURO SOCIEDAD AN\u00d3NIMA<\/span><\/strong><\/p>\t\t\t\t\t\t\t\t<\/div>\n\t\t\t\t<\/div>\n\t\t\t\t\t<\/div>\n\t\t<\/div>\n\t\t\t\t\t<\/div>\n\t\t<\/section>\n\t\t\t\t<\/div>\n\t\t","protected":false},"excerpt":{"rendered":"<p>POL\u00cdTICA DE PRIVACIDAD Las disposiciones de la presente Pol\u00edtica de Privacidad buscan informar sobre el tratamiento de los datos personales reunidos y recabados a trav\u00e9s del sitio web\u00a0www.pizarrastauro.com\u00a0(en adelante, el \u201cSITIO WEB\u201d), con Raz\u00f3n Social Pizarras Tauro Sociedad An\u00f3nima en adelante, la \u201cEMPRESA\u201d, con c\u00e9dula jur\u00eddica 3-101-651375, ubicado en San Francisco, Goicoechea, San Jos\u00e9, Costa&#8230;<\/p>\n","protected":false},"author":1,"featured_media":0,"parent":0,"menu_order":0,"comment_status":"closed","ping_status":"closed","template":"","meta":{"om_disable_all_campaigns":false,"_monsterinsights_skip_tracking":false,"_monsterinsights_sitenote_active":false,"_monsterinsights_sitenote_note":"","_monsterinsights_sitenote_category":0,"_tbt_post_transparent":"","_tbt_post_title":"","_tbt_post_layout":"","_tbt_post_sidebar_id":"","_tbt_post_content_style":"","_tbt_post_vertical_padding":"","_tbt_post_feature":"","_tbt_post_feature_position":"","_tbt_post_header":false,"_tbt_post_footer":false},"class_list":["post-11933","page","type-page","status-publish","hentry"],"aioseo_notices":[],"_links":{"self":[{"href":"https:\/\/pizarrastauro.com\/tienda\/index.php\/wp-json\/wp\/v2\/pages\/11933"}],"collection":[{"href":"https:\/\/pizarrastauro.com\/tienda\/index.php\/wp-json\/wp\/v2\/pages"}],"about":[{"href":"https:\/\/pizarrastauro.com\/tienda\/index.php\/wp-json\/wp\/v2\/types\/page"}],"author":[{"embeddable":true,"href":"https:\/\/pizarrastauro.com\/tienda\/index.php\/wp-json\/wp\/v2\/users\/1"}],"replies":[{"embeddable":true,"href":"https:\/\/pizarrastauro.com\/tienda\/index.php\/wp-json\/wp\/v2\/comments?post=11933"}],"version-history":[{"count":10,"href":"https:\/\/pizarrastauro.com\/tienda\/index.php\/wp-json\/wp\/v2\/pages\/11933\/revisions"}],"predecessor-version":[{"id":18987,"href":"https:\/\/pizarrastauro.com\/tienda\/index.php\/wp-json\/wp\/v2\/pages\/11933\/revisions\/18987"}],"wp:attachment":[{"href":"https:\/\/pizarrastauro.com\/tienda\/index.php\/wp-json\/wp\/v2\/media?parent=11933"}],"curies":[{"name":"wp","href":"https:\/\/api.w.org\/{rel}","templated":true}]}}