{"id":19194,"date":"2024-08-19T22:49:04","date_gmt":"2024-08-20T04:49:04","guid":{"rendered":"https:\/\/pizarrastauro.com\/tienda\/?page_id=19194"},"modified":"2024-08-27T22:28:44","modified_gmt":"2024-08-28T04:28:44","slug":"envios","status":"publish","type":"page","link":"https:\/\/pizarrastauro.com\/tienda\/index.php\/envios\/","title":{"rendered":"Env\u00edos"},"content":{"rendered":"\t\t<div data-elementor-type=\"wp-page\" data-elementor-id=\"19194\" class=\"elementor elementor-19194\">\n\t\t\t\t\t\t<div class=\"elementor-section elementor-top-section elementor-element elementor-element-582e031 elementor-section-boxed elementor-section-height-default elementor-section-height-default\" data-id=\"582e031\" data-element_type=\"section\">\n\t\t\t\t\t\t<div class=\"elementor-container elementor-column-gap-default\">\n\t\t\t\t\t<div class=\"elementor-column elementor-col-100 elementor-top-column elementor-element elementor-element-735ba92 portfolio\" data-id=\"735ba92\" data-element_type=\"column\">\n\t\t\t<div class=\"elementor-widget-wrap elementor-element-populated\">\n\t\t\t\t\t\t<div class=\"elementor-element elementor-element-2c5a705 elementor-widget elementor-widget-heading\" data-id=\"2c5a705\" data-element_type=\"widget\" data-widget_type=\"heading.default\">\n\t\t\t\t<div class=\"elementor-widget-container\">\n\t\t\t\t\t<h1 class=\"elementor-heading-title elementor-size-default\">Env\u00edos y entregas<\/h1>\t\t\t\t<\/div>\n\t\t\t\t<\/div>\n\t\t\t\t<div class=\"elementor-element elementor-element-cda4cbc elementor-view-default elementor-widget elementor-widget-icon\" data-id=\"cda4cbc\" data-element_type=\"widget\" data-widget_type=\"icon.default\">\n\t\t\t\t<div class=\"elementor-widget-container\">\n\t\t\t\t\t\t\t<div class=\"elementor-icon-wrapper\">\n\t\t\t<div class=\"elementor-icon\">\n\t\t\t<i aria-hidden=\"true\" class=\"fas fa-truck\"><\/i>\t\t\t<\/div>\n\t\t<\/div>\n\t\t\t\t\t\t<\/div>\n\t\t\t\t<\/div>\n\t\t\t\t<div class=\"elementor-element elementor-element-ae21bfe elementor-widget__width-initial elementor-widget elementor-widget-text-editor\" data-id=\"ae21bfe\" data-element_type=\"widget\" data-widget_type=\"text-editor.default\">\n\t\t\t\t<div class=\"elementor-widget-container\">\n\t\t\t\t\t\t\t\t\t<p>En Grupo Tauro, nos esforzamos por ofrecer un servicio de env\u00edo transparente y eficiente para todas las compras realizadas a trav\u00e9s de nuestro sitio web y otros canales no presenciales como Whatsapp o llamadas telef\u00f3nicas con nuestros ejecutivos de ventas. A continuaci\u00f3n, te proporcionamos toda la informaci\u00f3n que necesitas saber sobre nuestros procesos de env\u00edo:<\/p><h4><strong>Condiciones de despacho y entrega:<\/strong><\/h4><ul><li>Los productos adquiridos a trav\u00e9s del SITIO WEB est\u00e1n sujetos a las condiciones de despacho y entrega disponibles y elegidas por el Usuario al momento de la compra.<\/li><li>La informaci\u00f3n proporcionada para el lugar de env\u00edo es de exclusiva responsabilidad del Usuario.<\/li><\/ul><h4><strong>Proceso de env\u00edo:<\/strong><\/h4><ul><li>Los plazos de despacho y entrega comienzan una vez que la EMPRESA valida la transacci\u00f3n y el medio de pago utilizado. La EMPRESA informar\u00e1 al Usuario sobre los tiempos de entrega en ese momento.<\/li><li>Realizamos entregas mediante el servicio de puerta a puerta de Pizarras Tauro en las \u00e1reas de San Jos\u00e9, Heredia, Alajuela y Cartago.<\/li><\/ul><h4 style=\"--global-gray-400: #e6e6e6; --global-gray-500: #aaaaaa; --global-xs-spacing: 1em; --global-sm-spacing: 1.875rem; --global-md-spacing: 2rem; --global-lg-spacing: 2.5em; --global-xl-spacing: 3.5em; --global-xxl-spacing: 4rem; --global-boxed-spacing: 2rem; font-style: normal; font-family: var(--global-heading-font-family);\"><strong>Costos de env\u00edo:<\/strong><\/h4><div><ul><li>Los costos de env\u00edo var\u00edan seg\u00fan la zona geogr\u00e1fica.<\/li><li>Para env\u00edos a Puntarenas, Lim\u00f3n y Guanacaste, se utilizar\u00e1n servicios de transporte de encomienda preferidos por el cliente o Correos de Costa Rica, previa coordinaci\u00f3n con un asesor de Pizarras Tauro. El costo del env\u00edo variar\u00e1 seg\u00fan el peso, tama\u00f1o y cantidad del producto, y deber\u00e1 ser cancelado antes de realizar el env\u00edo.<\/li><\/ul><\/div><div><h4 style=\"--global-gray-400: #e6e6e6; --global-gray-500: #aaaaaa; --global-xs-spacing: 1em; --global-sm-spacing: 1.875rem; --global-md-spacing: 2rem; --global-lg-spacing: 2.5em; --global-xl-spacing: 3.5em; --global-xxl-spacing: 4rem; --global-boxed-spacing: 2rem; font-style: normal; margin-top: 1.5em; font-family: var(--global-heading-font-family);\"><strong><span style=\"color: var(--global-palette1); font-family: var(--global-heading-font-family); font-style: normal; letter-spacing: 0.3px; background-color: transparent;\">Cambios en la direcci\u00f3n de entrega:<\/span><\/strong><\/h4><div><ul style=\"--global-gray-400: #e6e6e6; --global-gray-500: #aaaaaa; --global-xs-spacing: 1em; --global-sm-spacing: 1.875rem; --global-md-spacing: 2rem; --global-lg-spacing: 2.5em; --global-xl-spacing: 3.5em; --global-xxl-spacing: 4rem; --global-boxed-spacing: 2rem; font-style: normal; font-weight: 400;\"><li style=\"--global-gray-400: #e6e6e6; --global-gray-500: #aaaaaa; --global-xs-spacing: 1em; --global-sm-spacing: 1.875rem; --global-md-spacing: 2rem; --global-lg-spacing: 2.5em; --global-xl-spacing: 3.5em; --global-xxl-spacing: 4rem; --global-boxed-spacing: 2rem;\">Si necesitas cambiar la direcci\u00f3n de entrega en alg\u00fan momento del proceso, inf\u00f3rmanos de inmediato. En casos at\u00edpicos, los plazos de entrega se modificar\u00e1n dependiendo de la nueva direcci\u00f3n proporcionada.<\/li><\/ul><\/div><div><h4 style=\"--global-gray-400: #e6e6e6; --global-gray-500: #aaaaaa; --global-xs-spacing: 1em; --global-sm-spacing: 1.875rem; --global-md-spacing: 2rem; --global-lg-spacing: 2.5em; --global-xl-spacing: 3.5em; --global-xxl-spacing: 4rem; --global-boxed-spacing: 2rem; font-style: normal; margin-top: 1.5em; margin-bottom: 0.5em; font-family: var(--global-heading-font-family);\"><strong><span style=\"--global-gray-400: #e6e6e6; --global-gray-500: #aaaaaa; --global-xs-spacing: 1em; --global-sm-spacing: 1.875rem; --global-md-spacing: 2rem; --global-lg-spacing: 2.5em; --global-xl-spacing: 3.5em; --global-xxl-spacing: 4rem; --global-boxed-spacing: 2rem; font-style: normal; color: var(--global-palette1); font-family: var(--global-heading-font-family); letter-spacing: 0.3px; background-color: transparent;\">Tiempos de entrega:<\/span><\/strong><\/h4><\/div><\/div><div><ul style=\"--global-gray-400: #e6e6e6; --global-gray-500: #aaaaaa; --global-xs-spacing: 1em; --global-sm-spacing: 1.875rem; --global-md-spacing: 2rem; --global-lg-spacing: 2.5em; --global-xl-spacing: 3.5em; --global-xxl-spacing: 4rem; --global-boxed-spacing: 2rem; font-style: normal; font-weight: 400; color: #4a5568; font-family: Montserrat, sans-serif; letter-spacing: 0.5px;\"><li>Nuestro horario de atenci\u00f3n es de Lunes a Viernes, de 7:30 am a 5:30 pm. No realizamos entregas los s\u00e1bados, domingos ni feriados.<\/li><li>El tiempo de entrega para productos en stock es de 2 a 4 d\u00edas h\u00e1biles dentro del Gran \u00c1rea Metropolitana (GAM) y de 3 a 5 d\u00edas h\u00e1biles fuera del GAM.<\/li><li>Se notificar\u00e1 al Usuario por correo electr\u00f3nico un d\u00eda antes del env\u00edo para confirmar que estar\u00e1 disponible en la ubicaci\u00f3n proporcionada.<\/li><li>Las entregas se realizan de Lunes a Viernes, de 8 am a 5 pm, siguiendo rutas organizadas geogr\u00e1ficamente. No realizamos entregas en horas espec\u00edficas a menos que se acuerde previamente con un asesor de Pizarras Tauro.<\/li><\/ul><\/div>\t\t\t\t\t\t\t\t<\/div>\n\t\t\t\t<\/div>\n\t\t\t\t\t<\/div>\n\t\t<\/div>\n\t\t\t\t\t<\/div>\n\t\t<\/div>\n\t\t\t\t<div class=\"elementor-section elementor-top-section elementor-element elementor-element-29a2184 cms-service elementor-section-stretched elementor-section-boxed elementor-section-height-default elementor-section-height-default\" data-id=\"29a2184\" data-element_type=\"section\" data-settings=\"{&quot;stretch_section&quot;:&quot;section-stretched&quot;,&quot;background_background&quot;:&quot;classic&quot;}\">\n\t\t\t\t\t\t<div class=\"elementor-container elementor-column-gap-default\">\n\t\t\t\t\t<div class=\"elementor-column elementor-col-50 elementor-top-column elementor-element elementor-element-bf7faef portfolio-service\" data-id=\"bf7faef\" data-element_type=\"column\">\n\t\t\t<div class=\"elementor-widget-wrap elementor-element-populated\">\n\t\t\t\t\t\t<div class=\"elementor-element elementor-element-725d03c elementor-widget elementor-widget-heading\" data-id=\"725d03c\" data-element_type=\"widget\" data-widget_type=\"heading.default\">\n\t\t\t\t<div class=\"elementor-widget-container\">\n\t\t\t\t\t<h5 class=\"elementor-heading-title elementor-size-default\">Contacto<\/h5>\t\t\t\t<\/div>\n\t\t\t\t<\/div>\n\t\t\t\t<div class=\"elementor-element elementor-element-860a1c9 elementor-widget__width-initial elementor-widget elementor-widget-heading\" data-id=\"860a1c9\" data-element_type=\"widget\" data-widget_type=\"heading.default\">\n\t\t\t\t<div class=\"elementor-widget-container\">\n\t\t\t\t\t<h1 class=\"elementor-heading-title elementor-size-default\">Para cualquier consulta adicional sobre el env\u00edo de tus productos, contacta a nuestro equipo y con gusto estaremos atendiendo tus dudas.<\/h1>\t\t\t\t<\/div>\n\t\t\t\t<\/div>\n\t\t\t\t<div class=\"elementor-element elementor-element-b34f1a8 elementor-widget elementor-widget-button\" data-id=\"b34f1a8\" data-element_type=\"widget\" data-widget_type=\"button.default\">\n\t\t\t\t<div class=\"elementor-widget-container\">\n\t\t\t\t\t\t\t\t\t<div class=\"elementor-button-wrapper\">\n\t\t\t\t\t<a class=\"elementor-button elementor-button-link elementor-size-sm\" href=\"https:\/\/pizarrastauro.com\/tienda\/index.php\/contacto\/\">\n\t\t\t\t\t\t<span class=\"elementor-button-content-wrapper\">\n\t\t\t\t\t\t\t\t\t<span class=\"elementor-button-text\">Cont\u00e1ctanos<\/span>\n\t\t\t\t\t<\/span>\n\t\t\t\t\t<\/a>\n\t\t\t\t<\/div>\n\t\t\t\t\t\t\t\t<\/div>\n\t\t\t\t<\/div>\n\t\t\t\t\t<\/div>\n\t\t<\/div>\n\t\t\t\t<div class=\"elementor-column elementor-col-50 elementor-top-column elementor-element elementor-element-6d94b2b port-serv\" data-id=\"6d94b2b\" data-element_type=\"column\">\n\t\t\t<div class=\"elementor-widget-wrap elementor-element-populated\">\n\t\t\t\t\t\t<div class=\"elementor-element elementor-element-8d8992a cms-service elementor-position-inline-start elementor-view-default elementor-mobile-position-block-start elementor-widget elementor-widget-icon-box\" data-id=\"8d8992a\" data-element_type=\"widget\" data-widget_type=\"icon-box.default\">\n\t\t\t\t<div class=\"elementor-widget-container\">\n\t\t\t\t\t\t\t<div class=\"elementor-icon-box-wrapper\">\n\n\t\t\t\t\t\t<div class=\"elementor-icon-box-icon\">\n\t\t\t\t<a href=\"#\" class=\"elementor-icon\" tabindex=\"-1\" aria-label=\"\u00a1Gracias por confiar en nosotros!\">\n\t\t\t\t<i aria-hidden=\"true\" class=\"far fa-check-circle\"><\/i>\t\t\t\t<\/a>\n\t\t\t<\/div>\n\t\t\t\n\t\t\t\t\t\t<div class=\"elementor-icon-box-content\">\n\n\t\t\t\t\t\t\t\t\t<h4 class=\"elementor-icon-box-title\">\n\t\t\t\t\t\t<a href=\"#\" >\n\t\t\t\t\t\t\t\u00a1Gracias por confiar en nosotros!\t\t\t\t\t\t<\/a>\n\t\t\t\t\t<\/h4>\n\t\t\t\t\n\t\t\t\t\t\t\t\t\t<p class=\"elementor-icon-box-description\">\n\t\t\t\t\t\tEn Grupo Tauro, nos comprometemos a garantizar que tu experiencia de compra y env\u00edo sea lo m\u00e1s satisfactoria posible.\t\t\t\t\t<\/p>\n\t\t\t\t\n\t\t\t<\/div>\n\t\t\t\n\t\t<\/div>\n\t\t\t\t\t\t<\/div>\n\t\t\t\t<\/div>\n\t\t\t\t\t<\/div>\n\t\t<\/div>\n\t\t\t\t\t<\/div>\n\t\t<\/div>\n\t\t\t\t<\/div>\n\t\t","protected":false},"excerpt":{"rendered":"<p>Env\u00edos y entregas En Grupo Tauro, nos esforzamos por ofrecer un servicio de env\u00edo transparente y eficiente para todas las compras realizadas a trav\u00e9s de nuestro sitio web y otros canales no presenciales como Whatsapp o llamadas telef\u00f3nicas con nuestros ejecutivos de ventas. A continuaci\u00f3n, te proporcionamos toda la informaci\u00f3n que necesitas saber sobre nuestros&#8230;<\/p>\n","protected":false},"author":1,"featured_media":0,"parent":0,"menu_order":0,"comment_status":"closed","ping_status":"closed","template":"","meta":{"om_disable_all_campaigns":false,"_monsterinsights_skip_tracking":false,"_monsterinsights_sitenote_active":false,"_monsterinsights_sitenote_note":"","_monsterinsights_sitenote_category":0,"_tbt_post_transparent":"","_tbt_post_title":"","_tbt_post_layout":"","_tbt_post_sidebar_id":"","_tbt_post_content_style":"","_tbt_post_vertical_padding":"","_tbt_post_feature":"","_tbt_post_feature_position":"","_tbt_post_header":false,"_tbt_post_footer":false},"class_list":["post-19194","page","type-page","status-publish","hentry"],"aioseo_notices":[],"_links":{"self":[{"href":"https:\/\/pizarrastauro.com\/tienda\/index.php\/wp-json\/wp\/v2\/pages\/19194"}],"collection":[{"href":"https:\/\/pizarrastauro.com\/tienda\/index.php\/wp-json\/wp\/v2\/pages"}],"about":[{"href":"https:\/\/pizarrastauro.com\/tienda\/index.php\/wp-json\/wp\/v2\/types\/page"}],"author":[{"embeddable":true,"href":"https:\/\/pizarrastauro.com\/tienda\/index.php\/wp-json\/wp\/v2\/users\/1"}],"replies":[{"embeddable":true,"href":"https:\/\/pizarrastauro.com\/tienda\/index.php\/wp-json\/wp\/v2\/comments?post=19194"}],"version-history":[{"count":11,"href":"https:\/\/pizarrastauro.com\/tienda\/index.php\/wp-json\/wp\/v2\/pages\/19194\/revisions"}],"predecessor-version":[{"id":19284,"href":"https:\/\/pizarrastauro.com\/tienda\/index.php\/wp-json\/wp\/v2\/pages\/19194\/revisions\/19284"}],"wp:attachment":[{"href":"https:\/\/pizarrastauro.com\/tienda\/index.php\/wp-json\/wp\/v2\/media?parent=19194"}],"curies":[{"name":"wp","href":"https:\/\/api.w.org\/{rel}","templated":true}]}}