{"id":19256,"date":"2024-08-27T21:37:32","date_gmt":"2024-08-28T03:37:32","guid":{"rendered":"https:\/\/pizarrastauro.com\/tienda\/?page_id=19256"},"modified":"2024-08-27T22:26:07","modified_gmt":"2024-08-28T04:26:07","slug":"reparaciones","status":"publish","type":"page","link":"https:\/\/pizarrastauro.com\/tienda\/index.php\/reparaciones\/","title":{"rendered":"Reparaciones"},"content":{"rendered":"\t\t<div data-elementor-type=\"wp-page\" data-elementor-id=\"19256\" class=\"elementor elementor-19256\">\n\t\t\t\t\t\t<div class=\"elementor-section elementor-top-section elementor-element elementor-element-92ccb23 elementor-section-height-min-height elementor-section-stretched elementor-section-boxed elementor-section-height-default elementor-section-items-middle\" data-id=\"92ccb23\" data-element_type=\"section\" data-settings=\"{&quot;stretch_section&quot;:&quot;section-stretched&quot;,&quot;background_background&quot;:&quot;classic&quot;}\">\n\t\t\t\t\t\t\t<div class=\"elementor-background-overlay\"><\/div>\n\t\t\t\t\t\t\t<div class=\"elementor-container elementor-column-gap-default\">\n\t\t\t\t\t<div class=\"elementor-column elementor-col-100 elementor-top-column elementor-element elementor-element-e986eac\" data-id=\"e986eac\" data-element_type=\"column\">\n\t\t\t<div class=\"elementor-widget-wrap elementor-element-populated\">\n\t\t\t\t\t\t<div class=\"elementor-element elementor-element-ed50d7a elementor-widget elementor-widget-heading\" data-id=\"ed50d7a\" data-element_type=\"widget\" data-widget_type=\"heading.default\">\n\t\t\t\t<div class=\"elementor-widget-container\">\n\t\t\t\t\t<h1 class=\"elementor-heading-title elementor-size-default\">Reparaciones y reciclaje<\/h1>\t\t\t\t<\/div>\n\t\t\t\t<\/div>\n\t\t\t\t\t<\/div>\n\t\t<\/div>\n\t\t\t\t\t<\/div>\n\t\t<\/div>\n\t\t<div class=\"elementor-element elementor-element-d6b9987 e-flex e-con-boxed e-con e-parent\" data-id=\"d6b9987\" data-element_type=\"container\">\n\t\t\t\t\t<div class=\"e-con-inner\">\n\t\t\t\t<div class=\"elementor-element elementor-element-272cdca elementor-widget-divider--view-line elementor-widget elementor-widget-divider\" data-id=\"272cdca\" data-element_type=\"widget\" data-widget_type=\"divider.default\">\n\t\t\t\t<div class=\"elementor-widget-container\">\n\t\t\t\t\t\t\t<div class=\"elementor-divider\">\n\t\t\t<span class=\"elementor-divider-separator\">\n\t\t\t\t\t\t<\/span>\n\t\t<\/div>\n\t\t\t\t\t\t<\/div>\n\t\t\t\t<\/div>\n\t\t\t\t\t<\/div>\n\t\t\t\t<\/div>\n\t\t<div class=\"elementor-element elementor-element-7e82993 e-flex e-con-boxed e-con e-parent\" data-id=\"7e82993\" data-element_type=\"container\">\n\t\t\t\t\t<div class=\"e-con-inner\">\n\t\t\t\t<div class=\"elementor-element elementor-element-b153014 elementor-widget elementor-widget-heading\" data-id=\"b153014\" data-element_type=\"widget\" data-widget_type=\"heading.default\">\n\t\t\t\t<div class=\"elementor-widget-container\">\n\t\t\t\t\t<h2 class=\"elementor-heading-title elementor-size-default\">\u00bfTu producto necesita atenci\u00f3n?<\/h2>\t\t\t\t<\/div>\n\t\t\t\t<\/div>\n\t\t\t\t<div class=\"elementor-element elementor-element-d965fc9 elementor-widget elementor-widget-text-editor\" data-id=\"d965fc9\" data-element_type=\"widget\" data-widget_type=\"text-editor.default\">\n\t\t\t\t<div class=\"elementor-widget-container\">\n\t\t\t\t\t\t\t\t\t<p style=\"text-align: center;\">En Pizarras Tauro nos comprometemos a prolongar la vida \u00fatil de tus productos mediante nuestros servicios de reparaci\u00f3n y reciclaje<\/p>\t\t\t\t\t\t\t\t<\/div>\n\t\t\t\t<\/div>\n\t\t\t\t\t<\/div>\n\t\t\t\t<\/div>\n\t\t\t\t<div class=\"elementor-section elementor-top-section elementor-element elementor-element-cc1a874 elementor-section-boxed elementor-section-height-default elementor-section-height-default\" data-id=\"cc1a874\" data-element_type=\"section\" data-settings=\"{&quot;background_background&quot;:&quot;classic&quot;}\">\n\t\t\t\t\t\t<div class=\"elementor-container elementor-column-gap-default\">\n\t\t\t\t\t<div class=\"elementor-column elementor-col-50 elementor-top-column elementor-element elementor-element-1bf893a about-us\" data-id=\"1bf893a\" data-element_type=\"column\">\n\t\t\t<div class=\"elementor-widget-wrap elementor-element-populated\">\n\t\t\t\t\t\t<div class=\"elementor-element elementor-element-f9447f0 elementor-widget elementor-widget-heading\" data-id=\"f9447f0\" data-element_type=\"widget\" data-widget_type=\"heading.default\">\n\t\t\t\t<div class=\"elementor-widget-container\">\n\t\t\t\t\t<h1 class=\"elementor-heading-title elementor-size-default\">Reparaciones<\/h1>\t\t\t\t<\/div>\n\t\t\t\t<\/div>\n\t\t\t\t<div class=\"elementor-element elementor-element-17ae963 elementor-widget elementor-widget-text-editor\" data-id=\"17ae963\" data-element_type=\"widget\" data-widget_type=\"text-editor.default\">\n\t\t\t\t<div class=\"elementor-widget-container\">\n\t\t\t\t\t\t\t\t\t<p>Nuestro proceso inicia con una evaluaci\u00f3n detallada de tu producto para identificar posibles componentes da\u00f1ados o desgastados que puedan ser reemplazados o reparados. Nuestros t\u00e9cnicos altamente capacitados utilizan herramientas y t\u00e9cnicas avanzadas para asegurar que tu producto recupere su funcionalidad y rendimiento \u00f3ptimo.<\/p>\t\t\t\t\t\t\t\t<\/div>\n\t\t\t\t<\/div>\n\t\t\t\t\t<\/div>\n\t\t<\/div>\n\t\t\t\t<div class=\"elementor-column elementor-col-50 elementor-top-column elementor-element elementor-element-938ce5b\" data-id=\"938ce5b\" data-element_type=\"column\">\n\t\t\t<div class=\"elementor-widget-wrap elementor-element-populated\">\n\t\t\t\t\t\t<div class=\"elementor-element elementor-element-5a10fed elementor-widget elementor-widget-image\" data-id=\"5a10fed\" data-element_type=\"widget\" data-widget_type=\"image.default\">\n\t\t\t\t<div class=\"elementor-widget-container\">\n\t\t\t\t\t\t\t\t\t\t\t\t\t\t\t<img fetchpriority=\"high\" decoding=\"async\" width=\"1920\" height=\"1080\" src=\"https:\/\/pizarrastauro.com\/tienda\/wp-content\/uploads\/2024\/08\/2-3.png\" class=\"attachment-full size-full wp-image-19259\" alt=\"\" srcset=\"https:\/\/pizarrastauro.com\/tienda\/wp-content\/uploads\/2024\/08\/2-3.png 1920w, https:\/\/pizarrastauro.com\/tienda\/wp-content\/uploads\/2024\/08\/2-3-300x169.png 300w, https:\/\/pizarrastauro.com\/tienda\/wp-content\/uploads\/2024\/08\/2-3-1024x576.png 1024w, https:\/\/pizarrastauro.com\/tienda\/wp-content\/uploads\/2024\/08\/2-3-768x432.png 768w, https:\/\/pizarrastauro.com\/tienda\/wp-content\/uploads\/2024\/08\/2-3-1536x864.png 1536w, https:\/\/pizarrastauro.com\/tienda\/wp-content\/uploads\/2024\/08\/2-3-205x115.png 205w, https:\/\/pizarrastauro.com\/tienda\/wp-content\/uploads\/2024\/08\/2-3-968x545.png 968w\" sizes=\"(max-width: 1920px) 100vw, 1920px\" \/>\t\t\t\t\t\t\t\t\t\t\t\t\t\t\t<\/div>\n\t\t\t\t<\/div>\n\t\t\t\t\t<\/div>\n\t\t<\/div>\n\t\t\t\t\t<\/div>\n\t\t<\/div>\n\t\t\t\t<section class=\"elementor-section elementor-top-section elementor-element elementor-element-de08739 elementor-section-boxed elementor-section-height-default elementor-section-height-default\" data-id=\"de08739\" data-element_type=\"section\" data-settings=\"{&quot;background_background&quot;:&quot;classic&quot;}\">\n\t\t\t\t\t\t<div class=\"elementor-container elementor-column-gap-default\">\n\t\t\t\t\t<div class=\"elementor-column elementor-col-50 elementor-top-column elementor-element elementor-element-e8aec77\" data-id=\"e8aec77\" data-element_type=\"column\">\n\t\t\t<div class=\"elementor-widget-wrap elementor-element-populated\">\n\t\t\t\t\t\t<div class=\"elementor-element elementor-element-181c873 elementor-widget elementor-widget-image\" data-id=\"181c873\" data-element_type=\"widget\" data-widget_type=\"image.default\">\n\t\t\t\t<div class=\"elementor-widget-container\">\n\t\t\t\t\t\t\t\t\t\t\t\t\t\t\t<img decoding=\"async\" width=\"1920\" height=\"1080\" src=\"https:\/\/pizarrastauro.com\/tienda\/wp-content\/uploads\/2024\/08\/4.png\" class=\"attachment-full size-full wp-image-19261\" alt=\"\" srcset=\"https:\/\/pizarrastauro.com\/tienda\/wp-content\/uploads\/2024\/08\/4.png 1920w, https:\/\/pizarrastauro.com\/tienda\/wp-content\/uploads\/2024\/08\/4-300x169.png 300w, https:\/\/pizarrastauro.com\/tienda\/wp-content\/uploads\/2024\/08\/4-1024x576.png 1024w, https:\/\/pizarrastauro.com\/tienda\/wp-content\/uploads\/2024\/08\/4-768x432.png 768w, https:\/\/pizarrastauro.com\/tienda\/wp-content\/uploads\/2024\/08\/4-1536x864.png 1536w, https:\/\/pizarrastauro.com\/tienda\/wp-content\/uploads\/2024\/08\/4-205x115.png 205w, https:\/\/pizarrastauro.com\/tienda\/wp-content\/uploads\/2024\/08\/4-968x545.png 968w\" sizes=\"(max-width: 1920px) 100vw, 1920px\" \/>\t\t\t\t\t\t\t\t\t\t\t\t\t\t\t<\/div>\n\t\t\t\t<\/div>\n\t\t\t\t\t<\/div>\n\t\t<\/div>\n\t\t\t\t<div class=\"elementor-column elementor-col-50 elementor-top-column elementor-element elementor-element-ca8ae0a aboutus-cms\" data-id=\"ca8ae0a\" data-element_type=\"column\">\n\t\t\t<div class=\"elementor-widget-wrap elementor-element-populated\">\n\t\t\t\t\t\t<div class=\"elementor-element elementor-element-66421c2 elementor-widget elementor-widget-heading\" data-id=\"66421c2\" data-element_type=\"widget\" data-widget_type=\"heading.default\">\n\t\t\t\t<div class=\"elementor-widget-container\">\n\t\t\t\t\t<h1 class=\"elementor-heading-title elementor-size-default\">Reciclaje<\/h1>\t\t\t\t<\/div>\n\t\t\t\t<\/div>\n\t\t\t\t<div class=\"elementor-element elementor-element-bb2d7db elementor-widget elementor-widget-text-editor\" data-id=\"bb2d7db\" data-element_type=\"widget\" data-widget_type=\"text-editor.default\">\n\t\t\t\t<div class=\"elementor-widget-container\">\n\t\t\t\t\t\t\t\t\t<p>Cuando un producto presenta un desgaste tan significativo que la reparaci\u00f3n no es viable, lo reciclamos de manera responsable. Implementamos pr\u00e1cticas sostenibles para asegurar que todos los materiales sean gestionados adecuadamente, minimizando el impacto ambiental y contribuyendo a la econom\u00eda circular. Este enfoque no solo protege el medio ambiente, sino que tambi\u00e9n ayuda a reducir la necesidad de nuevos recursos.<\/p>\t\t\t\t\t\t\t\t<\/div>\n\t\t\t\t<\/div>\n\t\t\t\t\t<\/div>\n\t\t<\/div>\n\t\t\t\t\t<\/div>\n\t\t<\/section>\n\t\t<div class=\"elementor-element elementor-element-be87d97 e-con-full e-flex e-con e-parent\" data-id=\"be87d97\" data-element_type=\"container\">\n\t\t\t\t<div class=\"elementor-element elementor-element-ff74a8a elementor-position-inline-start elementor-widget__width-initial elementor-view-default elementor-mobile-position-block-start elementor-widget elementor-widget-icon-box\" data-id=\"ff74a8a\" data-element_type=\"widget\" data-widget_type=\"icon-box.default\">\n\t\t\t\t<div class=\"elementor-widget-container\">\n\t\t\t\t\t\t\t<div class=\"elementor-icon-box-wrapper\">\n\n\t\t\t\t\t\t<div class=\"elementor-icon-box-icon\">\n\t\t\t\t<span  class=\"elementor-icon\">\n\t\t\t\t<i aria-hidden=\"true\" class=\"fas fa-recycle\"><\/i>\t\t\t\t<\/span>\n\t\t\t<\/div>\n\t\t\t\n\t\t\t\t\t\t<div class=\"elementor-icon-box-content\">\n\n\t\t\t\t\t\t\t\t\t<h3 class=\"elementor-icon-box-title\">\n\t\t\t\t\t\t<span  >\n\t\t\t\t\t\t\t\u00bfC\u00f3mo funciona?\t\t\t\t\t\t<\/span>\n\t\t\t\t\t<\/h3>\n\t\t\t\t\n\t\t\t\t\t\t\t\t\t<p class=\"elementor-icon-box-description\">\n\t\t\t\t\t\tCont\u00e1ctanos y nuestro equipo se encargar\u00e1 de evaluar tu producto, ofreci\u00e9ndote la mejor soluci\u00f3n, ya sea reparaci\u00f3n o reciclaje. Tu satisfacci\u00f3n y el cuidado del medio ambiente son nuestras prioridades.<br>\t\t\t\t\t<\/p>\n\t\t\t\t\n\t\t\t<\/div>\n\t\t\t\n\t\t<\/div>\n\t\t\t\t\t\t<\/div>\n\t\t\t\t<\/div>\n\t\t\t\t<div class=\"elementor-element elementor-element-7151de0 elementor-align-center elementor-widget elementor-widget-button\" data-id=\"7151de0\" data-element_type=\"widget\" data-widget_type=\"button.default\">\n\t\t\t\t<div class=\"elementor-widget-container\">\n\t\t\t\t\t\t\t\t\t<div class=\"elementor-button-wrapper\">\n\t\t\t\t\t<a class=\"elementor-button elementor-button-link elementor-size-sm\" href=\"https:\/\/pizarrastauro.com\/tienda\/index.php\/contacto\/\">\n\t\t\t\t\t\t<span class=\"elementor-button-content-wrapper\">\n\t\t\t\t\t\t\t\t\t<span class=\"elementor-button-text\">Cont\u00e1ctanos<\/span>\n\t\t\t\t\t<\/span>\n\t\t\t\t\t<\/a>\n\t\t\t\t<\/div>\n\t\t\t\t\t\t\t\t<\/div>\n\t\t\t\t<\/div>\n\t\t\t\t<\/div>\n\t\t\t\t<\/div>\n\t\t","protected":false},"excerpt":{"rendered":"<p>Reparaciones y reciclaje \u00bfTu producto necesita atenci\u00f3n? En Pizarras Tauro nos comprometemos a prolongar la vida \u00fatil de tus productos mediante nuestros servicios de reparaci\u00f3n y reciclaje Reparaciones Nuestro proceso inicia con una evaluaci\u00f3n detallada de tu producto para identificar posibles componentes da\u00f1ados o desgastados que puedan ser reemplazados o reparados. Nuestros t\u00e9cnicos altamente capacitados&#8230;<\/p>\n","protected":false},"author":1,"featured_media":0,"parent":0,"menu_order":0,"comment_status":"closed","ping_status":"closed","template":"","meta":{"om_disable_all_campaigns":false,"_monsterinsights_skip_tracking":false,"_monsterinsights_sitenote_active":false,"_monsterinsights_sitenote_note":"","_monsterinsights_sitenote_category":0,"_tbt_post_transparent":"","_tbt_post_title":"","_tbt_post_layout":"","_tbt_post_sidebar_id":"","_tbt_post_content_style":"","_tbt_post_vertical_padding":"","_tbt_post_feature":"","_tbt_post_feature_position":"","_tbt_post_header":false,"_tbt_post_footer":false},"class_list":["post-19256","page","type-page","status-publish","hentry"],"aioseo_notices":[],"_links":{"self":[{"href":"https:\/\/pizarrastauro.com\/tienda\/index.php\/wp-json\/wp\/v2\/pages\/19256"}],"collection":[{"href":"https:\/\/pizarrastauro.com\/tienda\/index.php\/wp-json\/wp\/v2\/pages"}],"about":[{"href":"https:\/\/pizarrastauro.com\/tienda\/index.php\/wp-json\/wp\/v2\/types\/page"}],"author":[{"embeddable":true,"href":"https:\/\/pizarrastauro.com\/tienda\/index.php\/wp-json\/wp\/v2\/users\/1"}],"replies":[{"embeddable":true,"href":"https:\/\/pizarrastauro.com\/tienda\/index.php\/wp-json\/wp\/v2\/comments?post=19256"}],"version-history":[{"count":16,"href":"https:\/\/pizarrastauro.com\/tienda\/index.php\/wp-json\/wp\/v2\/pages\/19256\/revisions"}],"predecessor-version":[{"id":19278,"href":"https:\/\/pizarrastauro.com\/tienda\/index.php\/wp-json\/wp\/v2\/pages\/19256\/revisions\/19278"}],"wp:attachment":[{"href":"https:\/\/pizarrastauro.com\/tienda\/index.php\/wp-json\/wp\/v2\/media?parent=19256"}],"curies":[{"name":"wp","href":"https:\/\/api.w.org\/{rel}","templated":true}]}}