{"id":19291,"date":"2024-08-27T22:56:10","date_gmt":"2024-08-28T04:56:10","guid":{"rendered":"https:\/\/pizarrastauro.com\/tienda\/?page_id=19291"},"modified":"2024-08-27T23:49:18","modified_gmt":"2024-08-28T05:49:18","slug":"retiro-en-tienda-2","status":"publish","type":"page","link":"https:\/\/pizarrastauro.com\/tienda\/index.php\/retiro-en-tienda-2\/","title":{"rendered":"Retiro en tienda"},"content":{"rendered":"\t\t<div data-elementor-type=\"wp-page\" data-elementor-id=\"19291\" class=\"elementor elementor-19291\">\n\t\t\t\t\t\t<div class=\"elementor-section elementor-top-section elementor-element elementor-element-582e031 elementor-section-boxed elementor-section-height-default elementor-section-height-default\" data-id=\"582e031\" data-element_type=\"section\">\n\t\t\t\t\t\t<div class=\"elementor-container elementor-column-gap-default\">\n\t\t\t\t\t<div class=\"elementor-column elementor-col-100 elementor-top-column elementor-element elementor-element-735ba92 portfolio\" data-id=\"735ba92\" data-element_type=\"column\">\n\t\t\t<div class=\"elementor-widget-wrap elementor-element-populated\">\n\t\t\t\t\t\t<div class=\"elementor-element elementor-element-2c5a705 elementor-widget__width-initial elementor-widget elementor-widget-heading\" data-id=\"2c5a705\" data-element_type=\"widget\" data-widget_type=\"heading.default\">\n\t\t\t\t<div class=\"elementor-widget-container\">\n\t\t\t\t\t<h1 class=\"elementor-heading-title elementor-size-default\">Retiro en tienda<\/h1>\t\t\t\t<\/div>\n\t\t\t\t<\/div>\n\t\t\t\t<div class=\"elementor-element elementor-element-1f99c3c elementor-view-default elementor-widget elementor-widget-icon\" data-id=\"1f99c3c\" data-element_type=\"widget\" data-widget_type=\"icon.default\">\n\t\t\t\t<div class=\"elementor-widget-container\">\n\t\t\t\t\t\t\t<div class=\"elementor-icon-wrapper\">\n\t\t\t<div class=\"elementor-icon\">\n\t\t\t<i aria-hidden=\"true\" class=\"fas fa-store\"><\/i>\t\t\t<\/div>\n\t\t<\/div>\n\t\t\t\t\t\t<\/div>\n\t\t\t\t<\/div>\n\t\t\t\t<div class=\"elementor-element elementor-element-ae21bfe elementor-widget__width-initial elementor-widget elementor-widget-text-editor\" data-id=\"ae21bfe\" data-element_type=\"widget\" data-widget_type=\"text-editor.default\">\n\t\t\t\t<div class=\"elementor-widget-container\">\n\t\t\t\t\t\t\t\t\t<h5>\u00bfPrefieres recoger tu pedido personalmente?<\/h5><p>En Pizarras Tauro, ofrecemos la opci\u00f3n de <strong>retiro en tienda <\/strong>para tu conveniencia. Puedes optar por recoger tu compra directamente en nuestra tienda, evitando los costos y tiempos asociados con el env\u00edo.<\/p><p><strong>\u00bfC\u00f3mo funciona?<\/strong><\/p><p><strong>1. Selecciona la opci\u00f3n de retiro en tienda:\u00a0<\/strong>Al realizar tu pedido en nuestro sitio web, elige la opci\u00f3n de retiro en tienda durante el proceso de compra.<\/p><p><strong>2. Confirmaci\u00f3n de tu pedido:<\/strong> Una vez que tu pedido est\u00e9 listo para ser recogido, recibir\u00e1 una notificaci\u00f3n por correo electr\u00f3nico o mensaje de texto confirmando que est\u00e1 disponible en nuestra tienda.<\/p><p><strong>3. Visita nuestra tienda: <\/strong>Dir\u00edgete a nuestra ubicaci\u00f3n en la direcci\u00f3n proporcionada en la confirmaci\u00f3n de tu pedido. Aseg\u00farate de llevar contigo una copia de la confirmaci\u00f3n de pedido y tu identificaci\u00f3n.<\/p><p><strong>4. Recoge tu pedido:<\/strong> Nuestros colaboradores estar\u00e1n encantados de asistirte para el retiro de tu compra. Aseg\u00farate de contar con tu propio transporte para llevarte los productos.<\/p><p>\u00a0<\/p>\t\t\t\t\t\t\t\t<\/div>\n\t\t\t\t<\/div>\n\t\t\t\t<div class=\"elementor-element elementor-element-f0b6c5e elementor-position-inline-start elementor-widget__width-initial elementor-view-default elementor-mobile-position-block-start elementor-widget elementor-widget-icon-box\" data-id=\"f0b6c5e\" data-element_type=\"widget\" data-widget_type=\"icon-box.default\">\n\t\t\t\t<div class=\"elementor-widget-container\">\n\t\t\t\t\t\t\t<div class=\"elementor-icon-box-wrapper\">\n\n\t\t\t\t\t\t<div class=\"elementor-icon-box-icon\">\n\t\t\t\t<span  class=\"elementor-icon\">\n\t\t\t\t<i aria-hidden=\"true\" class=\"fas fa-exclamation\"><\/i>\t\t\t\t<\/span>\n\t\t\t<\/div>\n\t\t\t\n\t\t\t\t\t\t<div class=\"elementor-icon-box-content\">\n\n\t\t\t\t\t\t\t\t\t<h3 class=\"elementor-icon-box-title\">\n\t\t\t\t\t\t<span  >\n\t\t\t\t\t\t\tNota importante\t\t\t\t\t\t<\/span>\n\t\t\t\t\t<\/h3>\n\t\t\t\t\n\t\t\t\t\t\t\t\t\t<p class=\"elementor-icon-box-description\">\n\t\t\t\t\t\t<span style=\"font-style: normal;font-weight: 400;letter-spacing: normal\">Recuerda que la opci\u00f3n de retiro en tienda est\u00e1 disponible \u00fanicamente durante el horario de atenci\u00f3n de nuestra tienda. Si tienes alguna pregunta o necesitas m\u00e1s informaci\u00f3n, no dudes en contactarnos<\/span>\t\t\t\t\t<\/p>\n\t\t\t\t\n\t\t\t<\/div>\n\t\t\t\n\t\t<\/div>\n\t\t\t\t\t\t<\/div>\n\t\t\t\t<\/div>\n\t\t\t\t\t<\/div>\n\t\t<\/div>\n\t\t\t\t\t<\/div>\n\t\t<\/div>\n\t\t\t\t<\/div>\n\t\t","protected":false},"excerpt":{"rendered":"<p>Retiro en tienda \u00bfPrefieres recoger tu pedido personalmente? En Pizarras Tauro, ofrecemos la opci\u00f3n de retiro en tienda para tu conveniencia. Puedes optar por recoger tu compra directamente en nuestra tienda, evitando los costos y tiempos asociados con el env\u00edo. \u00bfC\u00f3mo funciona? 1. Selecciona la opci\u00f3n de retiro en tienda:\u00a0Al realizar tu pedido en nuestro&#8230;<\/p>\n","protected":false},"author":1,"featured_media":0,"parent":0,"menu_order":0,"comment_status":"closed","ping_status":"closed","template":"","meta":{"om_disable_all_campaigns":false,"_monsterinsights_skip_tracking":false,"_monsterinsights_sitenote_active":false,"_monsterinsights_sitenote_note":"","_monsterinsights_sitenote_category":0,"_tbt_post_transparent":"","_tbt_post_title":"","_tbt_post_layout":"","_tbt_post_sidebar_id":"","_tbt_post_content_style":"","_tbt_post_vertical_padding":"","_tbt_post_feature":"","_tbt_post_feature_position":"","_tbt_post_header":false,"_tbt_post_footer":false},"class_list":["post-19291","page","type-page","status-publish","hentry"],"aioseo_notices":[],"_links":{"self":[{"href":"https:\/\/pizarrastauro.com\/tienda\/index.php\/wp-json\/wp\/v2\/pages\/19291"}],"collection":[{"href":"https:\/\/pizarrastauro.com\/tienda\/index.php\/wp-json\/wp\/v2\/pages"}],"about":[{"href":"https:\/\/pizarrastauro.com\/tienda\/index.php\/wp-json\/wp\/v2\/types\/page"}],"author":[{"embeddable":true,"href":"https:\/\/pizarrastauro.com\/tienda\/index.php\/wp-json\/wp\/v2\/users\/1"}],"replies":[{"embeddable":true,"href":"https:\/\/pizarrastauro.com\/tienda\/index.php\/wp-json\/wp\/v2\/comments?post=19291"}],"version-history":[{"count":13,"href":"https:\/\/pizarrastauro.com\/tienda\/index.php\/wp-json\/wp\/v2\/pages\/19291\/revisions"}],"predecessor-version":[{"id":19305,"href":"https:\/\/pizarrastauro.com\/tienda\/index.php\/wp-json\/wp\/v2\/pages\/19291\/revisions\/19305"}],"wp:attachment":[{"href":"https:\/\/pizarrastauro.com\/tienda\/index.php\/wp-json\/wp\/v2\/media?parent=19291"}],"curies":[{"name":"wp","href":"https:\/\/api.w.org\/{rel}","templated":true}]}}