{"id":19135,"date":"2024-08-19T03:09:05","date_gmt":"2024-08-19T09:09:05","guid":{"rendered":"https:\/\/pizarrastauro.com\/tienda\/?post_type=product&#038;p=19135"},"modified":"2024-09-19T02:36:51","modified_gmt":"2024-09-19T08:36:51","slug":"rotafolio","status":"publish","type":"product","link":"https:\/\/pizarrastauro.com\/tienda\/index.php\/product\/rotafolio\/","title":{"rendered":"Rotafolio"},"content":{"rendered":"<p>Los rotafolios de Grupo Tauro son la herramienta ideal para presentaciones efectivas y din\u00e1micas. Dise\u00f1ados para ofrecer una superficie de escritura f\u00e1cil de usar y altamente visible, nuestros rotafolios cuentan con papel de alta calidad que garantiza una escritura fluida y una presentaci\u00f3n profesional. Equipados con un sistema de soporte robusto y ajustable, permiten una f\u00e1cil colocaci\u00f3n y movilidad. Perfectos para salas de reuniones, talleres y eventos educativos, los rotafolios de Tauro facilitan la comunicaci\u00f3n de ideas y la colaboraci\u00f3n en grupo.<\/p>\n","protected":false},"excerpt":{"rendered":"<p>Rotafolios de alta calidad con soporte ajustable, ideales para presentaciones y talleres. Facilitan la escritura y la colaboraci\u00f3n.<\/p>\n<p><a href=\"https:\/\/api.whatsapp.com\/send\/?phone=50622565550\"><img decoding=\"async\" class=\"alignnone size-full wp-image-19452\" src=\"https:\/\/pizarrastauro.com\/tienda\/wp-content\/uploads\/2024\/08\/InfoWhatsapp.png\" alt=\"\" width=\"300\" height=\"100\" srcset=\"https:\/\/pizarrastauro.com\/tienda\/wp-content\/uploads\/2024\/08\/InfoWhatsapp.png 300w, https:\/\/pizarrastauro.com\/tienda\/wp-content\/uploads\/2024\/08\/InfoWhatsapp-205x68.png 205w\" sizes=\"(max-width: 300px) 100vw, 300px\" \/><\/a><\/p>\n","protected":false},"featured_media":19405,"template":"","meta":{"om_disable_all_campaigns":false,"_monsterinsights_skip_tracking":false,"_monsterinsights_sitenote_active":false,"_monsterinsights_sitenote_note":"","_monsterinsights_sitenote_category":0,"_tbt_post_transparent":"default","_tbt_post_title":"","_tbt_post_layout":"default","_tbt_post_sidebar_id":"","_tbt_post_content_style":"default","_tbt_post_vertical_padding":"default","_tbt_post_feature":"","_tbt_post_feature_position":"","_tbt_post_header":false,"_tbt_post_footer":false},"product_cat":[105],"product_tag":[],"class_list":{"0":"post-19135","1":"product","2":"type-product","3":"status-publish","4":"has-post-thumbnail","6":"product_cat-rotafolios","8":"first","9":"instock","10":"shipping-taxable","11":"product-type-simple","12":"entry","13":"content-bg","14":"loop-entry"},"aioseo_notices":[],"_links":{"self":[{"href":"https:\/\/pizarrastauro.com\/tienda\/index.php\/wp-json\/wp\/v2\/product\/19135"}],"collection":[{"href":"https:\/\/pizarrastauro.com\/tienda\/index.php\/wp-json\/wp\/v2\/product"}],"about":[{"href":"https:\/\/pizarrastauro.com\/tienda\/index.php\/wp-json\/wp\/v2\/types\/product"}],"wp:featuredmedia":[{"embeddable":true,"href":"https:\/\/pizarrastauro.com\/tienda\/index.php\/wp-json\/wp\/v2\/media\/19405"}],"wp:attachment":[{"href":"https:\/\/pizarrastauro.com\/tienda\/index.php\/wp-json\/wp\/v2\/media?parent=19135"}],"wp:term":[{"taxonomy":"product_cat","embeddable":true,"href":"https:\/\/pizarrastauro.com\/tienda\/index.php\/wp-json\/wp\/v2\/product_cat?post=19135"},{"taxonomy":"product_tag","embeddable":true,"href":"https:\/\/pizarrastauro.com\/tienda\/index.php\/wp-json\/wp\/v2\/product_tag?post=19135"}],"curies":[{"name":"wp","href":"https:\/\/api.w.org\/{rel}","templated":true}]}}